{"id":33559,"date":"2025-06-25T03:40:27","date_gmt":"2025-06-25T11:40:27","guid":{"rendered":"http:\/\/45.63.70.205\/?post_type=product&#038;p=33559"},"modified":"2025-07-07T15:19:50","modified_gmt":"2025-07-07T07:19:50","slug":"wholesale-custom-neon-orange-velvet-texture-pencil-case-for-school-office","status":"publish","type":"product","link":"http:\/\/shinyyoustationery.com\/pl\/wholesale-custom-neon-orange-velvet-texture-pencil-case-for-school-office\/","title":{"rendered":"Hurtowy niestandardowy neonowy pomara\u0144czowy aksamitny pi\u00f3rnik teksturowany do szko\u0142y i biura"},"content":{"rendered":"","protected":false},"excerpt":{"rendered":"<p>Uporz\u0105dkuj swoje szkolne lub biurowe drobiazgi dzi\u0119ki temu stylowemu, mi\u0119kkiemu pi\u00f3rnikowi z aksamitu w kolorze pomara\u0144czowym. Wyposa\u017cony w solidny zamek b\u0142yskawiczny i elegancki, \u017cywy design, jest idealny do przechowywania d\u0142ugopis\u00f3w, o\u0142\u00f3wk\u00f3w i innych ma\u0142ych przedmiot\u00f3w w porz\u0105dku i bezpiecznie.<\/p>","protected":false},"featured_media":33561,"template":"","meta":[],"product_brand":[],"product_cat":[520,477,699],"product_tag":[],"class_list":{"0":"post-33559","1":"product","2":"type-product","3":"status-publish","4":"has-post-thumbnail","6":"product_cat-pencil-case-pouch","7":"product_cat-school-bags","8":"product_cat-neon-collection","10":"first","11":"instock","12":"shipping-taxable","13":"product-type-simple"},"_links":{"self":[{"href":"http:\/\/shinyyoustationery.com\/pl\/wp-json\/wp\/v2\/product\/33559","targetHints":{"allow":["GET"]}}],"collection":[{"href":"http:\/\/shinyyoustationery.com\/pl\/wp-json\/wp\/v2\/product"}],"about":[{"href":"http:\/\/shinyyoustationery.com\/pl\/wp-json\/wp\/v2\/types\/product"}],"version-history":[{"count":0,"href":"http:\/\/shinyyoustationery.com\/pl\/wp-json\/wp\/v2\/product\/33559\/revisions"}],"wp:featuredmedia":[{"embeddable":true,"href":"http:\/\/shinyyoustationery.com\/pl\/wp-json\/wp\/v2\/media\/33561"}],"wp:attachment":[{"href":"http:\/\/shinyyoustationery.com\/pl\/wp-json\/wp\/v2\/media?parent=33559"}],"wp:term":[{"taxonomy":"product_brand","embeddable":true,"href":"http:\/\/shinyyoustationery.com\/pl\/wp-json\/wp\/v2\/product_brand?post=33559"},{"taxonomy":"product_cat","embeddable":true,"href":"http:\/\/shinyyoustationery.com\/pl\/wp-json\/wp\/v2\/product_cat?post=33559"},{"taxonomy":"product_tag","embeddable":true,"href":"http:\/\/shinyyoustationery.com\/pl\/wp-json\/wp\/v2\/product_tag?post=33559"}],"curies":[{"name":"wp","href":"https:\/\/api.w.org\/{rel}","templated":true}]}}