{"id":33564,"date":"2025-06-25T03:40:57","date_gmt":"2025-06-25T11:40:57","guid":{"rendered":"http:\/\/45.63.70.205\/?post_type=product&#038;p=33564"},"modified":"2025-07-07T15:19:42","modified_gmt":"2025-07-07T07:19:42","slug":"wholesale-custom-neon-orange-plastic-pencil-case-for-school-office","status":"publish","type":"product","link":"http:\/\/shinyyoustationery.com\/pl\/wholesale-custom-neon-orange-plastic-pencil-case-for-school-office\/","title":{"rendered":"Hurtowy niestandardowy neonowy pomara\u0144czowy plastikowy pi\u00f3rnik do szko\u0142y i biura"},"content":{"rendered":"","protected":false},"excerpt":{"rendered":"<p>Ten elegancki pomara\u0144czowy plastikowy pi\u00f3rnik pozwala uporz\u0105dkowa\u0107 o\u0142\u00f3wki, gumki i inne drobne przybory. Jego kompaktowa konstrukcja sprawia, \u017ce idealnie nadaje si\u0119 zar\u00f3wno do u\u017cytku szkolnego, jak i biurowego, zapewniaj\u0105c ochron\u0119 i \u0142atwy dost\u0119p do niezb\u0119dnych przybor\u00f3w.<\/p>","protected":false},"featured_media":33566,"template":"","meta":[],"product_brand":[],"product_cat":[520,699,477],"product_tag":[],"class_list":{"0":"post-33564","1":"product","2":"type-product","3":"status-publish","4":"has-post-thumbnail","6":"product_cat-pencil-case-pouch","7":"product_cat-neon-collection","8":"product_cat-school-bags","10":"first","11":"instock","12":"shipping-taxable","13":"product-type-simple"},"_links":{"self":[{"href":"http:\/\/shinyyoustationery.com\/pl\/wp-json\/wp\/v2\/product\/33564","targetHints":{"allow":["GET"]}}],"collection":[{"href":"http:\/\/shinyyoustationery.com\/pl\/wp-json\/wp\/v2\/product"}],"about":[{"href":"http:\/\/shinyyoustationery.com\/pl\/wp-json\/wp\/v2\/types\/product"}],"version-history":[{"count":0,"href":"http:\/\/shinyyoustationery.com\/pl\/wp-json\/wp\/v2\/product\/33564\/revisions"}],"wp:featuredmedia":[{"embeddable":true,"href":"http:\/\/shinyyoustationery.com\/pl\/wp-json\/wp\/v2\/media\/33566"}],"wp:attachment":[{"href":"http:\/\/shinyyoustationery.com\/pl\/wp-json\/wp\/v2\/media?parent=33564"}],"wp:term":[{"taxonomy":"product_brand","embeddable":true,"href":"http:\/\/shinyyoustationery.com\/pl\/wp-json\/wp\/v2\/product_brand?post=33564"},{"taxonomy":"product_cat","embeddable":true,"href":"http:\/\/shinyyoustationery.com\/pl\/wp-json\/wp\/v2\/product_cat?post=33564"},{"taxonomy":"product_tag","embeddable":true,"href":"http:\/\/shinyyoustationery.com\/pl\/wp-json\/wp\/v2\/product_tag?post=33564"}],"curies":[{"name":"wp","href":"https:\/\/api.w.org\/{rel}","templated":true}]}}