{"id":33588,"date":"2025-06-25T04:30:28","date_gmt":"2025-06-25T12:30:28","guid":{"rendered":"http:\/\/45.63.70.205\/?post_type=product&#038;p=33588"},"modified":"2025-06-25T04:40:34","modified_gmt":"2025-06-25T12:40:34","slug":"wholesale-custom-vibrant-orange-and-green-stationery-set-for-school-office","status":"publish","type":"product","link":"http:\/\/shinyyoustationery.com\/pl\/wholesale-custom-vibrant-orange-and-green-stationery-set-for-school-office\/","title":{"rendered":"Hurtowy niestandardowy zestaw artyku\u0142\u00f3w pi\u015bmiennych w kolorze pomara\u0144czowym i zielonym dla szko\u0142y i biura"},"content":{"rendered":"","protected":false},"excerpt":{"rendered":"<p>Zachowaj porz\u0105dek i styl dzi\u0119ki temu kolorowemu zestawowi artyku\u0142\u00f3w pi\u015bmiennych. Dost\u0119pny zar\u00f3wno w jaskrawym pomara\u0144czowym, jak i zielonym kolorze, ka\u017cdy zestaw zawiera niezb\u0119dne elementy, takie jak d\u0142ugopisy, o\u0142\u00f3wki, gumki, temper\u00f3wki i karteczki samoprzylepne w wielu \u017cywych kolorach. Idealny do domu, biura lub szko\u0142y, ten zestaw zapewnia wszystkie narz\u0119dzia potrzebne do produktywno\u015bci i kreatywno\u015bci.<\/p>","protected":false},"featured_media":33591,"template":"","meta":[],"product_brand":[],"product_cat":[331,380,699],"product_tag":[],"class_list":{"0":"post-33588","1":"product","2":"type-product","3":"status-publish","4":"has-post-thumbnail","6":"product_cat-stationery-set","7":"product_cat-school-stationery","8":"product_cat-neon-collection","10":"first","11":"instock","12":"shipping-taxable","13":"product-type-simple"},"_links":{"self":[{"href":"http:\/\/shinyyoustationery.com\/pl\/wp-json\/wp\/v2\/product\/33588","targetHints":{"allow":["GET"]}}],"collection":[{"href":"http:\/\/shinyyoustationery.com\/pl\/wp-json\/wp\/v2\/product"}],"about":[{"href":"http:\/\/shinyyoustationery.com\/pl\/wp-json\/wp\/v2\/types\/product"}],"version-history":[{"count":0,"href":"http:\/\/shinyyoustationery.com\/pl\/wp-json\/wp\/v2\/product\/33588\/revisions"}],"wp:featuredmedia":[{"embeddable":true,"href":"http:\/\/shinyyoustationery.com\/pl\/wp-json\/wp\/v2\/media\/33591"}],"wp:attachment":[{"href":"http:\/\/shinyyoustationery.com\/pl\/wp-json\/wp\/v2\/media?parent=33588"}],"wp:term":[{"taxonomy":"product_brand","embeddable":true,"href":"http:\/\/shinyyoustationery.com\/pl\/wp-json\/wp\/v2\/product_brand?post=33588"},{"taxonomy":"product_cat","embeddable":true,"href":"http:\/\/shinyyoustationery.com\/pl\/wp-json\/wp\/v2\/product_cat?post=33588"},{"taxonomy":"product_tag","embeddable":true,"href":"http:\/\/shinyyoustationery.com\/pl\/wp-json\/wp\/v2\/product_tag?post=33588"}],"curies":[{"name":"wp","href":"https:\/\/api.w.org\/{rel}","templated":true}]}}