{"id":33598,"date":"2025-06-25T21:48:03","date_gmt":"2025-06-26T05:48:03","guid":{"rendered":"http:\/\/45.63.70.205\/?post_type=product&#038;p=33598"},"modified":"2025-06-25T21:48:03","modified_gmt":"2025-06-26T05:48:03","slug":"wholesale-custom-neon-stapler-for-office-school","status":"publish","type":"product","link":"http:\/\/shinyyoustationery.com\/pl\/wholesale-custom-neon-stapler-for-office-school\/","title":{"rendered":"Hurtowy niestandardowy zszywacz neonowy do biura i szko\u0142y"},"content":{"rendered":"","protected":false},"excerpt":{"rendered":"<p>Ten kompaktowy zszywacz o \u017cywych kolorach jest idealny zar\u00f3wno do biur, jak i szk\u00f3\u0142. Dost\u0119pny w czterech przyci\u0105gaj\u0105cych wzrok kolorach - pomara\u0144czowym, zielonym, r\u00f3\u017cowym i niebieskim - oferuje niezawodne rozwi\u0105zanie do zszywania dokument\u00f3w, notatek i papier\u00f3w. Niezb\u0119dne narz\u0119dzie do organizacji miejsca pracy z odrobin\u0105 koloru!<\/p>","protected":false},"featured_media":33603,"template":"","meta":[],"product_brand":[],"product_cat":[433,699],"product_tag":[],"class_list":{"0":"post-33598","1":"product","2":"type-product","3":"status-publish","4":"has-post-thumbnail","6":"product_cat-stapler","7":"product_cat-neon-collection","9":"first","10":"instock","11":"shipping-taxable","12":"product-type-simple"},"_links":{"self":[{"href":"http:\/\/shinyyoustationery.com\/pl\/wp-json\/wp\/v2\/product\/33598","targetHints":{"allow":["GET"]}}],"collection":[{"href":"http:\/\/shinyyoustationery.com\/pl\/wp-json\/wp\/v2\/product"}],"about":[{"href":"http:\/\/shinyyoustationery.com\/pl\/wp-json\/wp\/v2\/types\/product"}],"version-history":[{"count":0,"href":"http:\/\/shinyyoustationery.com\/pl\/wp-json\/wp\/v2\/product\/33598\/revisions"}],"wp:featuredmedia":[{"embeddable":true,"href":"http:\/\/shinyyoustationery.com\/pl\/wp-json\/wp\/v2\/media\/33603"}],"wp:attachment":[{"href":"http:\/\/shinyyoustationery.com\/pl\/wp-json\/wp\/v2\/media?parent=33598"}],"wp:term":[{"taxonomy":"product_brand","embeddable":true,"href":"http:\/\/shinyyoustationery.com\/pl\/wp-json\/wp\/v2\/product_brand?post=33598"},{"taxonomy":"product_cat","embeddable":true,"href":"http:\/\/shinyyoustationery.com\/pl\/wp-json\/wp\/v2\/product_cat?post=33598"},{"taxonomy":"product_tag","embeddable":true,"href":"http:\/\/shinyyoustationery.com\/pl\/wp-json\/wp\/v2\/product_tag?post=33598"}],"curies":[{"name":"wp","href":"https:\/\/api.w.org\/{rel}","templated":true}]}}