{"id":33605,"date":"2025-06-25T21:57:08","date_gmt":"2025-06-26T05:57:08","guid":{"rendered":"http:\/\/45.63.70.205\/?post_type=product&#038;p=33605"},"modified":"2025-07-02T19:45:00","modified_gmt":"2025-07-02T11:45:00","slug":"wholesale-custom-neon-8-pack-highlighter-set-for-office-school","status":"publish","type":"product","link":"http:\/\/shinyyoustationery.com\/pl\/wholesale-custom-neon-8-pack-highlighter-set-for-office-school\/","title":{"rendered":"Hurtowy niestandardowy neonowy 8-pakowy zestaw zakre\u015blaczy do biura i szko\u0142y"},"content":{"rendered":"","protected":false},"excerpt":{"rendered":"<p>Ten zestaw 8 \u017cywych zakre\u015blaczy jest idealny zar\u00f3wno do u\u017cytku biurowego, jak i szkolnego. Dzi\u0119ki mieszance kolor\u00f3w, w tym r\u00f3\u017cowego, pomara\u0144czowego, zielonego i \u017c\u00f3\u0142tego, zakre\u015blacze te u\u0142atwiaj\u0105 zaznaczanie wa\u017cnych informacji, porz\u0105dkowanie notatek i dodawanie odrobiny koloru do pracy. Wygodna konstrukcja zapewnia p\u0142ynne podkre\u015blanie, idealne do sesji nauki, prezentacji lub porz\u0105dkowania dokument\u00f3w.<\/p>","protected":false},"featured_media":33606,"template":"","meta":[],"product_brand":[],"product_cat":[699,415,418],"product_tag":[],"class_list":{"0":"post-33605","1":"product","2":"type-product","3":"status-publish","4":"has-post-thumbnail","6":"product_cat-neon-collection","7":"product_cat-pen","8":"product_cat-highlighter","10":"first","11":"instock","12":"shipping-taxable","13":"product-type-simple"},"_links":{"self":[{"href":"http:\/\/shinyyoustationery.com\/pl\/wp-json\/wp\/v2\/product\/33605","targetHints":{"allow":["GET"]}}],"collection":[{"href":"http:\/\/shinyyoustationery.com\/pl\/wp-json\/wp\/v2\/product"}],"about":[{"href":"http:\/\/shinyyoustationery.com\/pl\/wp-json\/wp\/v2\/types\/product"}],"version-history":[{"count":0,"href":"http:\/\/shinyyoustationery.com\/pl\/wp-json\/wp\/v2\/product\/33605\/revisions"}],"wp:featuredmedia":[{"embeddable":true,"href":"http:\/\/shinyyoustationery.com\/pl\/wp-json\/wp\/v2\/media\/33606"}],"wp:attachment":[{"href":"http:\/\/shinyyoustationery.com\/pl\/wp-json\/wp\/v2\/media?parent=33605"}],"wp:term":[{"taxonomy":"product_brand","embeddable":true,"href":"http:\/\/shinyyoustationery.com\/pl\/wp-json\/wp\/v2\/product_brand?post=33605"},{"taxonomy":"product_cat","embeddable":true,"href":"http:\/\/shinyyoustationery.com\/pl\/wp-json\/wp\/v2\/product_cat?post=33605"},{"taxonomy":"product_tag","embeddable":true,"href":"http:\/\/shinyyoustationery.com\/pl\/wp-json\/wp\/v2\/product_tag?post=33605"}],"curies":[{"name":"wp","href":"https:\/\/api.w.org\/{rel}","templated":true}]}}