{"id":33610,"date":"2025-06-25T22:06:11","date_gmt":"2025-06-26T06:06:11","guid":{"rendered":"http:\/\/45.63.70.205\/?post_type=product&#038;p=33610"},"modified":"2025-07-02T19:44:53","modified_gmt":"2025-07-02T11:44:53","slug":"wholesale-custom-neon-flower-pen-and-highlighter-set-for-office-school","status":"publish","type":"product","link":"http:\/\/shinyyoustationery.com\/pl\/wholesale-custom-neon-flower-pen-and-highlighter-set-for-office-school\/","title":{"rendered":"Hurtowy zestaw d\u0142ugopis\u00f3w i zakre\u015blaczy w neonowe kwiaty do biura i szko\u0142y"},"content":{"rendered":"","protected":false},"excerpt":{"rendered":"<p>Dodaj weso\u0142y akcent do swojej kolekcji artyku\u0142\u00f3w pi\u015bmiennych dzi\u0119ki temu zestawowi d\u0142ugopis\u00f3w i zakre\u015blaczy w kszta\u0142cie kwiat\u00f3w. Dost\u0119pne w jasnych kolorach, takich jak r\u00f3\u017cowy, pomara\u0144czowy, zielony i niebieski, te wyj\u0105tkowe artyku\u0142y s\u0105 idealne do u\u017cytku szkolnego lub biurowego. \u017bywy kwiatowy wz\u00f3r sprawia, \u017ce s\u0105 zabawne i \u0142atwe w u\u017cyciu, idealne do podkre\u015blania wa\u017cnych punkt\u00f3w i pisania z odrobin\u0105 koloru.<\/p>","protected":false},"featured_media":33611,"template":"","meta":[],"product_brand":[],"product_cat":[418,415,699],"product_tag":[],"class_list":{"0":"post-33610","1":"product","2":"type-product","3":"status-publish","4":"has-post-thumbnail","6":"product_cat-highlighter","7":"product_cat-pen","8":"product_cat-neon-collection","10":"first","11":"instock","12":"shipping-taxable","13":"product-type-simple"},"_links":{"self":[{"href":"http:\/\/shinyyoustationery.com\/pl\/wp-json\/wp\/v2\/product\/33610","targetHints":{"allow":["GET"]}}],"collection":[{"href":"http:\/\/shinyyoustationery.com\/pl\/wp-json\/wp\/v2\/product"}],"about":[{"href":"http:\/\/shinyyoustationery.com\/pl\/wp-json\/wp\/v2\/types\/product"}],"version-history":[{"count":0,"href":"http:\/\/shinyyoustationery.com\/pl\/wp-json\/wp\/v2\/product\/33610\/revisions"}],"wp:featuredmedia":[{"embeddable":true,"href":"http:\/\/shinyyoustationery.com\/pl\/wp-json\/wp\/v2\/media\/33611"}],"wp:attachment":[{"href":"http:\/\/shinyyoustationery.com\/pl\/wp-json\/wp\/v2\/media?parent=33610"}],"wp:term":[{"taxonomy":"product_brand","embeddable":true,"href":"http:\/\/shinyyoustationery.com\/pl\/wp-json\/wp\/v2\/product_brand?post=33610"},{"taxonomy":"product_cat","embeddable":true,"href":"http:\/\/shinyyoustationery.com\/pl\/wp-json\/wp\/v2\/product_cat?post=33610"},{"taxonomy":"product_tag","embeddable":true,"href":"http:\/\/shinyyoustationery.com\/pl\/wp-json\/wp\/v2\/product_tag?post=33610"}],"curies":[{"name":"wp","href":"https:\/\/api.w.org\/{rel}","templated":true}]}}