{"id":33616,"date":"2025-06-25T22:14:02","date_gmt":"2025-06-26T06:14:02","guid":{"rendered":"http:\/\/45.63.70.205\/?post_type=product&#038;p=33616"},"modified":"2025-07-02T19:44:44","modified_gmt":"2025-07-02T11:44:44","slug":"wholesale-custom-neon-10-pack-ballpoint-pens-for-office-school","status":"publish","type":"product","link":"http:\/\/shinyyoustationery.com\/pl\/wholesale-custom-neon-10-pack-ballpoint-pens-for-office-school\/","title":{"rendered":"Hurtowy niestandardowy neonowy 10-pak d\u0142ugopis\u00f3w dla biura i szko\u0142y"},"content":{"rendered":"","protected":false},"excerpt":{"rendered":"<p>Ten zestaw 10 d\u0142ugopis\u00f3w jest idealny do codziennego u\u017cytku zar\u00f3wno w \u015brodowisku szkolnym, jak i biurowym. P\u0142ynny przep\u0142yw atramentu zapewnia \u0142atwe pisanie notatek, zada\u0144 i dokument\u00f3w, a elegancka konstrukcja zapewnia wygod\u0119 podczas d\u0142ugich sesji pisania. Stylowy i funkcjonalny dodatek do ka\u017cdej kolekcji artyku\u0142\u00f3w pi\u015bmiennych.<\/p>","protected":false},"featured_media":33617,"template":"","meta":[],"product_brand":[],"product_cat":[479,415,699],"product_tag":[],"class_list":{"0":"post-33616","1":"product","2":"type-product","3":"status-publish","4":"has-post-thumbnail","6":"product_cat-ballpoint-pen","7":"product_cat-pen","8":"product_cat-neon-collection","10":"first","11":"instock","12":"shipping-taxable","13":"product-type-simple"},"_links":{"self":[{"href":"http:\/\/shinyyoustationery.com\/pl\/wp-json\/wp\/v2\/product\/33616","targetHints":{"allow":["GET"]}}],"collection":[{"href":"http:\/\/shinyyoustationery.com\/pl\/wp-json\/wp\/v2\/product"}],"about":[{"href":"http:\/\/shinyyoustationery.com\/pl\/wp-json\/wp\/v2\/types\/product"}],"version-history":[{"count":0,"href":"http:\/\/shinyyoustationery.com\/pl\/wp-json\/wp\/v2\/product\/33616\/revisions"}],"wp:featuredmedia":[{"embeddable":true,"href":"http:\/\/shinyyoustationery.com\/pl\/wp-json\/wp\/v2\/media\/33617"}],"wp:attachment":[{"href":"http:\/\/shinyyoustationery.com\/pl\/wp-json\/wp\/v2\/media?parent=33616"}],"wp:term":[{"taxonomy":"product_brand","embeddable":true,"href":"http:\/\/shinyyoustationery.com\/pl\/wp-json\/wp\/v2\/product_brand?post=33616"},{"taxonomy":"product_cat","embeddable":true,"href":"http:\/\/shinyyoustationery.com\/pl\/wp-json\/wp\/v2\/product_cat?post=33616"},{"taxonomy":"product_tag","embeddable":true,"href":"http:\/\/shinyyoustationery.com\/pl\/wp-json\/wp\/v2\/product_tag?post=33616"}],"curies":[{"name":"wp","href":"https:\/\/api.w.org\/{rel}","templated":true}]}}