{"id":33629,"date":"2025-06-25T23:45:40","date_gmt":"2025-06-26T07:45:40","guid":{"rendered":"http:\/\/45.63.70.205\/?post_type=product&#038;p=33629"},"modified":"2025-06-25T23:45:40","modified_gmt":"2025-06-26T07:45:40","slug":"wholesale-custom-iridescent-a5-pu-leather-journal-with-pink-elastic-band-stylish-notebook-for-school-office","status":"publish","type":"product","link":"http:\/\/shinyyoustationery.com\/pl\/wholesale-custom-iridescent-a5-pu-leather-journal-with-pink-elastic-band-stylish-notebook-for-school-office\/","title":{"rendered":"Hurtowy niestandardowy opalizuj\u0105cy sk\u00f3rzany notatnik A5 PU z r\u00f3\u017cow\u0105 elastyczn\u0105 opask\u0105 - stylowy notatnik do szko\u0142y i biura"},"content":{"rendered":"","protected":false},"excerpt":{"rendered":"<p>Ten wspania\u0142y notatnik A5 ze sk\u00f3ry PU ma opalizuj\u0105c\u0105, holograficzn\u0105 ok\u0142adk\u0119 z mi\u0119kk\u0105 r\u00f3\u017cow\u0105 gumk\u0105, dzi\u0119ki czemu idealnie nadaje si\u0119 zar\u00f3wno do szko\u0142y, jak i do biura. G\u0142adka, odblaskowa powierzchnia dodaje wyj\u0105tkowego akcentu do kolekcji artyku\u0142\u00f3w pi\u015bmiennych. Idealny do robienia notatek, prowadzenia dziennika lub organizowania pomys\u0142\u00f3w w dobrym stylu, ten wytrzyma\u0142y notatnik zapewnia bezpiecze\u0144stwo my\u015bli i \u0142atwy dost\u0119p do nich.<\/p>","protected":false},"featured_media":33633,"template":"","meta":[],"product_brand":[],"product_cat":[667,494,495,684],"product_tag":[],"class_list":{"0":"post-33629","1":"product","2":"type-product","3":"status-publish","4":"has-post-thumbnail","6":"product_cat-hardcover-notebook","7":"product_cat-composition-notebook","8":"product_cat-exercise-book","9":"product_cat-fashion-collection","11":"first","12":"instock","13":"shipping-taxable","14":"product-type-simple"},"_links":{"self":[{"href":"http:\/\/shinyyoustationery.com\/pl\/wp-json\/wp\/v2\/product\/33629","targetHints":{"allow":["GET"]}}],"collection":[{"href":"http:\/\/shinyyoustationery.com\/pl\/wp-json\/wp\/v2\/product"}],"about":[{"href":"http:\/\/shinyyoustationery.com\/pl\/wp-json\/wp\/v2\/types\/product"}],"version-history":[{"count":0,"href":"http:\/\/shinyyoustationery.com\/pl\/wp-json\/wp\/v2\/product\/33629\/revisions"}],"wp:featuredmedia":[{"embeddable":true,"href":"http:\/\/shinyyoustationery.com\/pl\/wp-json\/wp\/v2\/media\/33633"}],"wp:attachment":[{"href":"http:\/\/shinyyoustationery.com\/pl\/wp-json\/wp\/v2\/media?parent=33629"}],"wp:term":[{"taxonomy":"product_brand","embeddable":true,"href":"http:\/\/shinyyoustationery.com\/pl\/wp-json\/wp\/v2\/product_brand?post=33629"},{"taxonomy":"product_cat","embeddable":true,"href":"http:\/\/shinyyoustationery.com\/pl\/wp-json\/wp\/v2\/product_cat?post=33629"},{"taxonomy":"product_tag","embeddable":true,"href":"http:\/\/shinyyoustationery.com\/pl\/wp-json\/wp\/v2\/product_tag?post=33629"}],"curies":[{"name":"wp","href":"https:\/\/api.w.org\/{rel}","templated":true}]}}