{"id":33635,"date":"2025-06-26T00:07:57","date_gmt":"2025-06-26T08:07:57","guid":{"rendered":"http:\/\/45.63.70.205\/?post_type=product&#038;p=33635"},"modified":"2025-06-26T00:07:58","modified_gmt":"2025-06-26T08:07:58","slug":"wholesale-custom-gray-hardcover-notebook-for-office-personal","status":"publish","type":"product","link":"http:\/\/shinyyoustationery.com\/pl\/wholesale-custom-gray-hardcover-notebook-for-office-personal\/","title":{"rendered":"Hurtownia niestandardowych szarych notatnik\u00f3w w twardej oprawie do u\u017cytku biurowego i osobistego"},"content":{"rendered":"","protected":false},"excerpt":{"rendered":"<p>Ten elegancki szary notatnik w twardej oprawie posiada zabawny nadruk \"HA HA HA NO\" na ok\u0142adce, oferuj\u0105c odrobin\u0119 humoru do biura lub osobistej kolekcji papeterii. Jego solidna konstrukcja sprawia, \u017ce idealnie nadaje si\u0119 do pisania, robienia notatek lub prowadzenia dziennika, a minimalistyczna estetyka i unikalne przes\u0142anie dodaj\u0105 charakteru Twojemu miejscu pracy. Idealny dla tych, kt\u00f3rzy chc\u0105 doda\u0107 odrobin\u0119 osobowo\u015bci do swoich notatek!<\/p>","protected":false},"featured_media":33636,"template":"","meta":[],"product_brand":[],"product_cat":[495,494,667,684],"product_tag":[],"class_list":{"0":"post-33635","1":"product","2":"type-product","3":"status-publish","4":"has-post-thumbnail","6":"product_cat-exercise-book","7":"product_cat-composition-notebook","8":"product_cat-hardcover-notebook","9":"product_cat-fashion-collection","11":"first","12":"instock","13":"shipping-taxable","14":"product-type-simple"},"_links":{"self":[{"href":"http:\/\/shinyyoustationery.com\/pl\/wp-json\/wp\/v2\/product\/33635","targetHints":{"allow":["GET"]}}],"collection":[{"href":"http:\/\/shinyyoustationery.com\/pl\/wp-json\/wp\/v2\/product"}],"about":[{"href":"http:\/\/shinyyoustationery.com\/pl\/wp-json\/wp\/v2\/types\/product"}],"version-history":[{"count":0,"href":"http:\/\/shinyyoustationery.com\/pl\/wp-json\/wp\/v2\/product\/33635\/revisions"}],"wp:featuredmedia":[{"embeddable":true,"href":"http:\/\/shinyyoustationery.com\/pl\/wp-json\/wp\/v2\/media\/33636"}],"wp:attachment":[{"href":"http:\/\/shinyyoustationery.com\/pl\/wp-json\/wp\/v2\/media?parent=33635"}],"wp:term":[{"taxonomy":"product_brand","embeddable":true,"href":"http:\/\/shinyyoustationery.com\/pl\/wp-json\/wp\/v2\/product_brand?post=33635"},{"taxonomy":"product_cat","embeddable":true,"href":"http:\/\/shinyyoustationery.com\/pl\/wp-json\/wp\/v2\/product_cat?post=33635"},{"taxonomy":"product_tag","embeddable":true,"href":"http:\/\/shinyyoustationery.com\/pl\/wp-json\/wp\/v2\/product_tag?post=33635"}],"curies":[{"name":"wp","href":"https:\/\/api.w.org\/{rel}","templated":true}]}}