{"id":33638,"date":"2025-06-26T00:11:07","date_gmt":"2025-06-26T08:11:07","guid":{"rendered":"http:\/\/45.63.70.205\/?post_type=product&#038;p=33638"},"modified":"2025-06-26T00:20:02","modified_gmt":"2025-06-26T08:20:02","slug":"wholesale-custom-iridescent-a4-pu-hardcover-notebook-stylish-journal-for-office-school","status":"publish","type":"product","link":"http:\/\/shinyyoustationery.com\/pl\/wholesale-custom-iridescent-a4-pu-hardcover-notebook-stylish-journal-for-office-school\/","title":{"rendered":"Hurtownia niestandardowych opalizuj\u0105cych notatnik\u00f3w A4 PU w twardej oprawie Stylowy dziennik do biura i szko\u0142y"},"content":{"rendered":"","protected":false},"excerpt":{"rendered":"<p>Ten sk\u00f3rzany notatnik PU w formacie A4 ma osza\u0142amiaj\u0105c\u0105 opalizuj\u0105c\u0105 ok\u0142adk\u0119 z odwa\u017cnym nadrukiem \"SAVAGE NOT AVERAGE\", dzi\u0119ki czemu jest zabawnym i przyci\u0105gaj\u0105cym wzrok dodatkiem do biura lub szko\u0142y. Jego \u017cywe kolory zmieniaj\u0105 si\u0119 pod wp\u0142ywem \u015bwiat\u0142a, dodaj\u0105c dodatkowego stylu do robienia notatek lub prowadzenia dziennika. Wytrzyma\u0142a twarda ok\u0142adka zapewnia ochron\u0119 stron, a przestronny rozmiar oferuje du\u017co miejsca do pisania, szkicowania i porz\u0105dkowania my\u015bli. Idealny dla tych, kt\u00f3rzy lubi\u0105 si\u0119 wyr\u00f3\u017cnia\u0107!<\/p>","protected":false},"featured_media":33640,"template":"","meta":[],"product_brand":[],"product_cat":[495,494,667,684],"product_tag":[],"class_list":{"0":"post-33638","1":"product","2":"type-product","3":"status-publish","4":"has-post-thumbnail","6":"product_cat-exercise-book","7":"product_cat-composition-notebook","8":"product_cat-hardcover-notebook","9":"product_cat-fashion-collection","11":"first","12":"instock","13":"shipping-taxable","14":"product-type-simple"},"_links":{"self":[{"href":"http:\/\/shinyyoustationery.com\/pl\/wp-json\/wp\/v2\/product\/33638","targetHints":{"allow":["GET"]}}],"collection":[{"href":"http:\/\/shinyyoustationery.com\/pl\/wp-json\/wp\/v2\/product"}],"about":[{"href":"http:\/\/shinyyoustationery.com\/pl\/wp-json\/wp\/v2\/types\/product"}],"version-history":[{"count":0,"href":"http:\/\/shinyyoustationery.com\/pl\/wp-json\/wp\/v2\/product\/33638\/revisions"}],"wp:featuredmedia":[{"embeddable":true,"href":"http:\/\/shinyyoustationery.com\/pl\/wp-json\/wp\/v2\/media\/33640"}],"wp:attachment":[{"href":"http:\/\/shinyyoustationery.com\/pl\/wp-json\/wp\/v2\/media?parent=33638"}],"wp:term":[{"taxonomy":"product_brand","embeddable":true,"href":"http:\/\/shinyyoustationery.com\/pl\/wp-json\/wp\/v2\/product_brand?post=33638"},{"taxonomy":"product_cat","embeddable":true,"href":"http:\/\/shinyyoustationery.com\/pl\/wp-json\/wp\/v2\/product_cat?post=33638"},{"taxonomy":"product_tag","embeddable":true,"href":"http:\/\/shinyyoustationery.com\/pl\/wp-json\/wp\/v2\/product_tag?post=33638"}],"curies":[{"name":"wp","href":"https:\/\/api.w.org\/{rel}","templated":true}]}}