{"id":33642,"date":"2025-06-26T00:22:00","date_gmt":"2025-06-26T08:22:00","guid":{"rendered":"http:\/\/45.63.70.205\/?post_type=product&#038;p=33642"},"modified":"2025-06-26T00:26:37","modified_gmt":"2025-06-26T08:26:37","slug":"wholesale-custom-teal-a4-hardcover-notebook-bold-journal-for-office-school","status":"publish","type":"product","link":"http:\/\/shinyyoustationery.com\/pl\/wholesale-custom-teal-a4-hardcover-notebook-bold-journal-for-office-school\/","title":{"rendered":"Hurtownia niestandardowych tealowych notatnik\u00f3w A4 w twardej oprawie Bold Journal dla biura i szko\u0142y"},"content":{"rendered":"","protected":false},"excerpt":{"rendered":"<p>Ten \u017cywy, turkusowy notatnik A4 w twardej oprawie ma zabawny design z odwa\u017cnymi zwrotami, takimi jak \"GRL PWR\", \"BITE ME\" i \"OMG\", dzi\u0119ki czemu jest idealny dla tych, kt\u00f3rzy uwielbiaj\u0105 wyra\u017ca\u0107 swoj\u0105 osobowo\u015b\u0107. Idealny do biura, szko\u0142y lub u\u017cytku osobistego, notatnik ten oferuje du\u017co miejsca do robienia notatek, prowadzenia dziennika i organizowania my\u015bli w zabawny i kolorowy spos\u00f3b. Wytrzyma\u0142a ok\u0142adka zapewnia ochron\u0119 stron, a energetyczny design wprowadza \u015bwie\u017cy klimat do miejsca pracy.<\/p>","protected":false},"featured_media":33644,"template":"","meta":[],"product_brand":[],"product_cat":[495,494,667,684],"product_tag":[],"class_list":{"0":"post-33642","1":"product","2":"type-product","3":"status-publish","4":"has-post-thumbnail","6":"product_cat-exercise-book","7":"product_cat-composition-notebook","8":"product_cat-hardcover-notebook","9":"product_cat-fashion-collection","11":"first","12":"instock","13":"shipping-taxable","14":"product-type-simple"},"_links":{"self":[{"href":"http:\/\/shinyyoustationery.com\/pl\/wp-json\/wp\/v2\/product\/33642","targetHints":{"allow":["GET"]}}],"collection":[{"href":"http:\/\/shinyyoustationery.com\/pl\/wp-json\/wp\/v2\/product"}],"about":[{"href":"http:\/\/shinyyoustationery.com\/pl\/wp-json\/wp\/v2\/types\/product"}],"version-history":[{"count":0,"href":"http:\/\/shinyyoustationery.com\/pl\/wp-json\/wp\/v2\/product\/33642\/revisions"}],"wp:featuredmedia":[{"embeddable":true,"href":"http:\/\/shinyyoustationery.com\/pl\/wp-json\/wp\/v2\/media\/33644"}],"wp:attachment":[{"href":"http:\/\/shinyyoustationery.com\/pl\/wp-json\/wp\/v2\/media?parent=33642"}],"wp:term":[{"taxonomy":"product_brand","embeddable":true,"href":"http:\/\/shinyyoustationery.com\/pl\/wp-json\/wp\/v2\/product_brand?post=33642"},{"taxonomy":"product_cat","embeddable":true,"href":"http:\/\/shinyyoustationery.com\/pl\/wp-json\/wp\/v2\/product_cat?post=33642"},{"taxonomy":"product_tag","embeddable":true,"href":"http:\/\/shinyyoustationery.com\/pl\/wp-json\/wp\/v2\/product_tag?post=33642"}],"curies":[{"name":"wp","href":"https:\/\/api.w.org\/{rel}","templated":true}]}}