{"id":33653,"date":"2025-06-26T00:35:55","date_gmt":"2025-06-26T08:35:55","guid":{"rendered":"http:\/\/45.63.70.205\/?post_type=product&#038;p=33653"},"modified":"2025-08-04T00:57:41","modified_gmt":"2025-08-04T08:57:41","slug":"wholesale-custom-black-fashion-pencil-case-fun-storage-for-school-office","status":"publish","type":"product","link":"http:\/\/shinyyoustationery.com\/pl\/wholesale-custom-black-fashion-pencil-case-fun-storage-for-school-office\/","title":{"rendered":"Hurtowy niestandardowy czarny modny pi\u00f3rnik - zabawne przechowywanie dla szko\u0142y i biura"},"content":{"rendered":"","protected":false},"excerpt":{"rendered":"<p>Ten elegancki czarny pi\u00f3rnik ma zabawny wz\u00f3r \"Resting Sour Face\", idealny do dodania odrobiny osobowo\u015bci do przybor\u00f3w szkolnych lub biurowych. Dzi\u0119ki trwa\u0142emu zamkni\u0119ciu na zamek b\u0142yskawiczny i przestronnemu wn\u0119trzu idealnie nadaje si\u0119 do przechowywania d\u0142ugopis\u00f3w, o\u0142\u00f3wk\u00f3w i innych niezb\u0119dnych przedmiot\u00f3w. Odwa\u017cny design i g\u0142adkie wyko\u0144czenie sprawiaj\u0105, \u017ce jest zar\u00f3wno funkcjonalny, jak i zabawny, co czyni go niezb\u0119dnym dla student\u00f3w lub profesjonalist\u00f3w poszukuj\u0105cych stylowej organizacji.<\/p>","protected":false},"featured_media":33651,"template":"","meta":[],"product_brand":[],"product_cat":[520,684],"product_tag":[],"class_list":{"0":"post-33653","1":"product","2":"type-product","3":"status-publish","4":"has-post-thumbnail","6":"product_cat-pencil-case-pouch","7":"product_cat-fashion-collection","9":"first","10":"instock","11":"shipping-taxable","12":"product-type-simple"},"_links":{"self":[{"href":"http:\/\/shinyyoustationery.com\/pl\/wp-json\/wp\/v2\/product\/33653","targetHints":{"allow":["GET"]}}],"collection":[{"href":"http:\/\/shinyyoustationery.com\/pl\/wp-json\/wp\/v2\/product"}],"about":[{"href":"http:\/\/shinyyoustationery.com\/pl\/wp-json\/wp\/v2\/types\/product"}],"version-history":[{"count":0,"href":"http:\/\/shinyyoustationery.com\/pl\/wp-json\/wp\/v2\/product\/33653\/revisions"}],"wp:featuredmedia":[{"embeddable":true,"href":"http:\/\/shinyyoustationery.com\/pl\/wp-json\/wp\/v2\/media\/33651"}],"wp:attachment":[{"href":"http:\/\/shinyyoustationery.com\/pl\/wp-json\/wp\/v2\/media?parent=33653"}],"wp:term":[{"taxonomy":"product_brand","embeddable":true,"href":"http:\/\/shinyyoustationery.com\/pl\/wp-json\/wp\/v2\/product_brand?post=33653"},{"taxonomy":"product_cat","embeddable":true,"href":"http:\/\/shinyyoustationery.com\/pl\/wp-json\/wp\/v2\/product_cat?post=33653"},{"taxonomy":"product_tag","embeddable":true,"href":"http:\/\/shinyyoustationery.com\/pl\/wp-json\/wp\/v2\/product_tag?post=33653"}],"curies":[{"name":"wp","href":"https:\/\/api.w.org\/{rel}","templated":true}]}}