{"id":33700,"date":"2025-06-26T18:20:34","date_gmt":"2025-06-27T02:20:34","guid":{"rendered":"http:\/\/45.63.70.205\/?post_type=product&#038;p=33700"},"modified":"2025-07-07T15:32:12","modified_gmt":"2025-07-07T07:32:12","slug":"wholesale-custom-pixel-chomp-cartoon-tote-bag-casual-eco-friendly-bag-for-everyday","status":"publish","type":"product","link":"http:\/\/shinyyoustationery.com\/pl\/wholesale-custom-pixel-chomp-cartoon-tote-bag-casual-eco-friendly-bag-for-everyday\/","title":{"rendered":"Hurtowa niestandardowa torba z kresk\u00f3wek Pixel i Chomp - codzienna ekologiczna torba na co dzie\u0144"},"content":{"rendered":"","protected":false},"excerpt":{"rendered":"<p>Ta zabawna i \u017cywa torba ma zabawny wz\u00f3r z postaciami \"Pixel &amp; Chomp\", dzi\u0119ki czemu idealnie nadaje si\u0119 na swobodne wyj\u015bcia, zakupy lub dzie\u0144 na pla\u017cy. Wykonana z trwa\u0142ej, przyjaznej dla \u015brodowiska bawe\u0142ny, oferuje zar\u00f3wno styl, jak i zr\u00f3wnowa\u017cony rozw\u00f3j. Jasnobe\u017cowy kolor uzupe\u0142nia ka\u017cdy str\u00f3j, a przestronna konstrukcja zapewnia du\u017co miejsca na niezb\u0119dne rzeczy. Niezb\u0119dne akcesorium dla tych, kt\u00f3rzy kochaj\u0105 ekscentryczn\u0105, zabawn\u0105 mod\u0119!<\/p>","protected":false},"featured_media":33701,"template":"","meta":[],"product_brand":[],"product_cat":[404,535,701,705],"product_tag":[],"class_list":{"0":"post-33700","1":"product","2":"type-product","3":"status-publish","4":"has-post-thumbnail","6":"product_cat-bags-cases","7":"product_cat-storage-bag","8":"product_cat-pixel-chomp-collection","9":"product_cat-tote-bag","11":"first","12":"instock","13":"shipping-taxable","14":"product-type-simple"},"_links":{"self":[{"href":"http:\/\/shinyyoustationery.com\/pl\/wp-json\/wp\/v2\/product\/33700","targetHints":{"allow":["GET"]}}],"collection":[{"href":"http:\/\/shinyyoustationery.com\/pl\/wp-json\/wp\/v2\/product"}],"about":[{"href":"http:\/\/shinyyoustationery.com\/pl\/wp-json\/wp\/v2\/types\/product"}],"version-history":[{"count":0,"href":"http:\/\/shinyyoustationery.com\/pl\/wp-json\/wp\/v2\/product\/33700\/revisions"}],"wp:featuredmedia":[{"embeddable":true,"href":"http:\/\/shinyyoustationery.com\/pl\/wp-json\/wp\/v2\/media\/33701"}],"wp:attachment":[{"href":"http:\/\/shinyyoustationery.com\/pl\/wp-json\/wp\/v2\/media?parent=33700"}],"wp:term":[{"taxonomy":"product_brand","embeddable":true,"href":"http:\/\/shinyyoustationery.com\/pl\/wp-json\/wp\/v2\/product_brand?post=33700"},{"taxonomy":"product_cat","embeddable":true,"href":"http:\/\/shinyyoustationery.com\/pl\/wp-json\/wp\/v2\/product_cat?post=33700"},{"taxonomy":"product_tag","embeddable":true,"href":"http:\/\/shinyyoustationery.com\/pl\/wp-json\/wp\/v2\/product_tag?post=33700"}],"curies":[{"name":"wp","href":"https:\/\/api.w.org\/{rel}","templated":true}]}}