{"id":33707,"date":"2025-06-26T18:38:40","date_gmt":"2025-06-27T02:38:40","guid":{"rendered":"http:\/\/45.63.70.205\/?post_type=product&#038;p=33707"},"modified":"2025-07-07T15:32:19","modified_gmt":"2025-07-07T07:32:19","slug":"wholesale-custom-pixel-chomp-diy-coloring-tote-bag-eco-friendly-bag-for-creative-kids-and-adults","status":"publish","type":"product","link":"http:\/\/shinyyoustationery.com\/pl\/wholesale-custom-pixel-chomp-diy-coloring-tote-bag-eco-friendly-bag-for-creative-kids-and-adults\/","title":{"rendered":"Hurtowa niestandardowa torba do kolorowania Pixel i Chomp - ekologiczna torba dla kreatywnych dzieci i doros\u0142ych"},"content":{"rendered":"","protected":false},"excerpt":{"rendered":"<p>Uwolnij swoj\u0105 kreatywno\u015b\u0107 dzi\u0119ki torbie do kolorowania \"Pixel &amp; Chomp\"! Ta wyj\u0105tkowa torba jest dostarczana z zestawem kolorowych marker\u00f3w, dzi\u0119ki czemu mo\u017cesz spersonalizowa\u0107 zabawn\u0105 posta\u0107 Pixel i Chomp wed\u0142ug w\u0142asnych upodoba\u0144. Idealna dla dzieci, artyst\u00f3w lub ka\u017cdego, kto uwielbia dodawa\u0107 osobiste akcenty do swoich akcesori\u00f3w. Wykonana z wytrzyma\u0142ej bawe\u0142ny w jasnobe\u017cowym kolorze, ta ekologiczna torba jest idealna do noszenia codziennych niezb\u0119dnych rzeczy, jednocze\u015bnie pokazuj\u0105c sw\u00f3j artystyczny talent. Niezale\u017cnie od tego, czy chodzi o dzie\u0144 poza domem, szko\u0142\u0119 czy projekt rzemie\u015blniczy, ta torba z pewno\u015bci\u0105 si\u0119 wyr\u00f3\u017cni!<\/p>","protected":false},"featured_media":33702,"template":"","meta":[],"product_brand":[],"product_cat":[404,535,701,705],"product_tag":[],"class_list":{"0":"post-33707","1":"product","2":"type-product","3":"status-publish","4":"has-post-thumbnail","6":"product_cat-bags-cases","7":"product_cat-storage-bag","8":"product_cat-pixel-chomp-collection","9":"product_cat-tote-bag","11":"first","12":"instock","13":"shipping-taxable","14":"product-type-simple"},"_links":{"self":[{"href":"http:\/\/shinyyoustationery.com\/pl\/wp-json\/wp\/v2\/product\/33707","targetHints":{"allow":["GET"]}}],"collection":[{"href":"http:\/\/shinyyoustationery.com\/pl\/wp-json\/wp\/v2\/product"}],"about":[{"href":"http:\/\/shinyyoustationery.com\/pl\/wp-json\/wp\/v2\/types\/product"}],"version-history":[{"count":0,"href":"http:\/\/shinyyoustationery.com\/pl\/wp-json\/wp\/v2\/product\/33707\/revisions"}],"wp:featuredmedia":[{"embeddable":true,"href":"http:\/\/shinyyoustationery.com\/pl\/wp-json\/wp\/v2\/media\/33702"}],"wp:attachment":[{"href":"http:\/\/shinyyoustationery.com\/pl\/wp-json\/wp\/v2\/media?parent=33707"}],"wp:term":[{"taxonomy":"product_brand","embeddable":true,"href":"http:\/\/shinyyoustationery.com\/pl\/wp-json\/wp\/v2\/product_brand?post=33707"},{"taxonomy":"product_cat","embeddable":true,"href":"http:\/\/shinyyoustationery.com\/pl\/wp-json\/wp\/v2\/product_cat?post=33707"},{"taxonomy":"product_tag","embeddable":true,"href":"http:\/\/shinyyoustationery.com\/pl\/wp-json\/wp\/v2\/product_tag?post=33707"}],"curies":[{"name":"wp","href":"https:\/\/api.w.org\/{rel}","templated":true}]}}