{"id":33711,"date":"2025-06-26T19:21:08","date_gmt":"2025-06-27T03:21:08","guid":{"rendered":"http:\/\/45.63.70.205\/?post_type=product&#038;p=33711"},"modified":"2025-07-08T14:53:27","modified_gmt":"2025-07-08T06:53:27","slug":"wholesale-custom-clear-pencil-case-for-school-office","status":"publish","type":"product","link":"http:\/\/shinyyoustationery.com\/pl\/wholesale-custom-clear-pencil-case-for-school-office\/","title":{"rendered":"Hurtowy niestandardowy przezroczysty pi\u00f3rnik do szko\u0142y i biura"},"content":{"rendered":"","protected":false},"excerpt":{"rendered":"<p>Ten przezroczysty pi\u00f3rnik jest idealny zar\u00f3wno dla student\u00f3w, jak i profesjonalist\u00f3w. Wyposa\u017cony w wytrzyma\u0142y niebieski zamek b\u0142yskawiczny i przezroczyst\u0105 konstrukcj\u0119, \u0142atwo jest zorganizowa\u0107 i znale\u017a\u0107 swoje przybory. Etui pomie\u015bci wszystko, od d\u0142ugopis\u00f3w i o\u0142\u00f3wk\u00f3w po ma\u0142e narz\u0119dzia biurowe, dzi\u0119ki czemu jest idealnym wyborem zar\u00f3wno do szko\u0142y, jak i do pracy. Dzi\u0119ki praktycznemu i eleganckiemu wzornictwu pi\u00f3rnik ten jest r\u00f3wnie stylowy, co funkcjonalny.<\/p>","protected":false},"featured_media":33712,"template":"","meta":[],"product_brand":[],"product_cat":[520,474,702],"product_tag":[],"class_list":{"0":"post-33711","1":"product","2":"type-product","3":"status-publish","4":"has-post-thumbnail","6":"product_cat-pencil-case-pouch","7":"product_cat-kids-stationery","8":"product_cat-arts-crafts-collection","10":"first","11":"instock","12":"shipping-taxable","13":"product-type-simple"},"_links":{"self":[{"href":"http:\/\/shinyyoustationery.com\/pl\/wp-json\/wp\/v2\/product\/33711","targetHints":{"allow":["GET"]}}],"collection":[{"href":"http:\/\/shinyyoustationery.com\/pl\/wp-json\/wp\/v2\/product"}],"about":[{"href":"http:\/\/shinyyoustationery.com\/pl\/wp-json\/wp\/v2\/types\/product"}],"version-history":[{"count":0,"href":"http:\/\/shinyyoustationery.com\/pl\/wp-json\/wp\/v2\/product\/33711\/revisions"}],"wp:featuredmedia":[{"embeddable":true,"href":"http:\/\/shinyyoustationery.com\/pl\/wp-json\/wp\/v2\/media\/33712"}],"wp:attachment":[{"href":"http:\/\/shinyyoustationery.com\/pl\/wp-json\/wp\/v2\/media?parent=33711"}],"wp:term":[{"taxonomy":"product_brand","embeddable":true,"href":"http:\/\/shinyyoustationery.com\/pl\/wp-json\/wp\/v2\/product_brand?post=33711"},{"taxonomy":"product_cat","embeddable":true,"href":"http:\/\/shinyyoustationery.com\/pl\/wp-json\/wp\/v2\/product_cat?post=33711"},{"taxonomy":"product_tag","embeddable":true,"href":"http:\/\/shinyyoustationery.com\/pl\/wp-json\/wp\/v2\/product_tag?post=33711"}],"curies":[{"name":"wp","href":"https:\/\/api.w.org\/{rel}","templated":true}]}}