{"id":33717,"date":"2025-06-26T19:30:18","date_gmt":"2025-06-27T03:30:18","guid":{"rendered":"http:\/\/45.63.70.205\/?post_type=product&#038;p=33717"},"modified":"2025-07-14T01:01:47","modified_gmt":"2025-07-14T09:01:47","slug":"morphe-x-jeffree-star-pink-cosmetic-bag-sleek-and-stylish-makeup-organizer","status":"publish","type":"product","link":"http:\/\/shinyyoustationery.com\/pl\/morphe-x-jeffree-star-pink-cosmetic-bag-sleek-and-stylish-makeup-organizer\/","title":{"rendered":"R\u00f3\u017cowa kosmetyczka Morphe X Jeffree Star Elegancka i stylowa kosmetyczka do makija\u017cu"},"content":{"rendered":"","protected":false},"excerpt":{"rendered":"<p>Ta \u017cywa r\u00f3\u017cowa kosmetyczka z kolekcji Morphe X Jeffree Star to pozycja obowi\u0105zkowa dla mi\u0142o\u015bnik\u00f3w pi\u0119kna. Jej b\u0142yszcz\u0105ce wyko\u0144czenie i elegancki design sprawiaj\u0105, \u017ce idealnie nadaje si\u0119 do organizowania makija\u017cu, p\u0119dzli i innych niezb\u0119dnych rzeczy. Torba jest kompaktowa, ale przestronna, oferuj\u0105c du\u017co miejsca na kosmetyki, jednocze\u015bnie utrzymuj\u0105c je w porz\u0105dku. Niezale\u017cnie od tego, czy jeste\u015b w domu, czy w podr\u00f3\u017cy, ta stylowa i funkcjonalna torba doda kolorytu Twojej rutynie piel\u0119gnacyjnej.<\/p>","protected":false},"featured_media":33719,"template":"","meta":[],"product_brand":[],"product_cat":[700,404,533,537],"product_tag":[],"class_list":{"0":"post-33717","1":"product","2":"type-product","3":"status-publish","4":"has-post-thumbnail","6":"product_cat-hot-pink-power-girl-collection","7":"product_cat-bags-cases","8":"product_cat-organizer-bag","9":"product_cat-cosmetic-bag","11":"first","12":"instock","13":"shipping-taxable","14":"product-type-simple"},"_links":{"self":[{"href":"http:\/\/shinyyoustationery.com\/pl\/wp-json\/wp\/v2\/product\/33717","targetHints":{"allow":["GET"]}}],"collection":[{"href":"http:\/\/shinyyoustationery.com\/pl\/wp-json\/wp\/v2\/product"}],"about":[{"href":"http:\/\/shinyyoustationery.com\/pl\/wp-json\/wp\/v2\/types\/product"}],"version-history":[{"count":0,"href":"http:\/\/shinyyoustationery.com\/pl\/wp-json\/wp\/v2\/product\/33717\/revisions"}],"wp:featuredmedia":[{"embeddable":true,"href":"http:\/\/shinyyoustationery.com\/pl\/wp-json\/wp\/v2\/media\/33719"}],"wp:attachment":[{"href":"http:\/\/shinyyoustationery.com\/pl\/wp-json\/wp\/v2\/media?parent=33717"}],"wp:term":[{"taxonomy":"product_brand","embeddable":true,"href":"http:\/\/shinyyoustationery.com\/pl\/wp-json\/wp\/v2\/product_brand?post=33717"},{"taxonomy":"product_cat","embeddable":true,"href":"http:\/\/shinyyoustationery.com\/pl\/wp-json\/wp\/v2\/product_cat?post=33717"},{"taxonomy":"product_tag","embeddable":true,"href":"http:\/\/shinyyoustationery.com\/pl\/wp-json\/wp\/v2\/product_tag?post=33717"}],"curies":[{"name":"wp","href":"https:\/\/api.w.org\/{rel}","templated":true}]}}