{"id":33723,"date":"2025-06-26T21:16:54","date_gmt":"2025-06-27T05:16:54","guid":{"rendered":"http:\/\/45.63.70.205\/?post_type=product&#038;p=33723"},"modified":"2025-07-14T00:59:07","modified_gmt":"2025-07-14T08:59:07","slug":"transparent-pink-travel-cosmetic-bag-stylish-and-compact-makeup-organizer","status":"publish","type":"product","link":"http:\/\/shinyyoustationery.com\/pl\/transparent-pink-travel-cosmetic-bag-stylish-and-compact-makeup-organizer\/","title":{"rendered":"Przezroczysta r\u00f3\u017cowa kosmetyczka podr\u00f3\u017cna Stylowy i kompaktowy organizer do makija\u017cu"},"content":{"rendered":"","protected":false},"excerpt":{"rendered":"<p>Ta elegancka, przezroczysta kosmetyczka z \u017cywymi r\u00f3\u017cowymi kraw\u0119dziami jest idealnym akcesorium dla mi\u0142o\u015bnik\u00f3w urody w podr\u00f3\u017cy. Jej kompaktowa konstrukcja sprawia, \u017ce idealnie nadaje si\u0119 do podr\u00f3\u017cy, pomagaj\u0105c uporz\u0105dkowa\u0107 niezb\u0119dne kosmetyki do makija\u017cu, jednocze\u015bnie zapewniaj\u0105c ich widoczno\u015b\u0107 i \u0142atwy dost\u0119p. B\u0142yszcz\u0105ce r\u00f3\u017cowe wyko\u0144czenie dodaje odrobin\u0119 zabawy, czyni\u0105c j\u0105 zar\u00f3wno praktyczn\u0105, jak i modn\u0105 do codziennego u\u017cytku. Zar\u00f3wno do codziennego u\u017cytku, jak i w podr\u00f3\u017cy, ta kosmetyczka jest niezb\u0119dna do uporz\u0105dkowania niezb\u0119dnych kosmetyk\u00f3w.<\/p>","protected":false},"featured_media":33724,"template":"","meta":[],"product_brand":[],"product_cat":[537,404,533,700],"product_tag":[],"class_list":{"0":"post-33723","1":"product","2":"type-product","3":"status-publish","4":"has-post-thumbnail","6":"product_cat-cosmetic-bag","7":"product_cat-bags-cases","8":"product_cat-organizer-bag","9":"product_cat-hot-pink-power-girl-collection","11":"first","12":"instock","13":"shipping-taxable","14":"product-type-simple"},"_links":{"self":[{"href":"http:\/\/shinyyoustationery.com\/pl\/wp-json\/wp\/v2\/product\/33723","targetHints":{"allow":["GET"]}}],"collection":[{"href":"http:\/\/shinyyoustationery.com\/pl\/wp-json\/wp\/v2\/product"}],"about":[{"href":"http:\/\/shinyyoustationery.com\/pl\/wp-json\/wp\/v2\/types\/product"}],"version-history":[{"count":0,"href":"http:\/\/shinyyoustationery.com\/pl\/wp-json\/wp\/v2\/product\/33723\/revisions"}],"wp:featuredmedia":[{"embeddable":true,"href":"http:\/\/shinyyoustationery.com\/pl\/wp-json\/wp\/v2\/media\/33724"}],"wp:attachment":[{"href":"http:\/\/shinyyoustationery.com\/pl\/wp-json\/wp\/v2\/media?parent=33723"}],"wp:term":[{"taxonomy":"product_brand","embeddable":true,"href":"http:\/\/shinyyoustationery.com\/pl\/wp-json\/wp\/v2\/product_brand?post=33723"},{"taxonomy":"product_cat","embeddable":true,"href":"http:\/\/shinyyoustationery.com\/pl\/wp-json\/wp\/v2\/product_cat?post=33723"},{"taxonomy":"product_tag","embeddable":true,"href":"http:\/\/shinyyoustationery.com\/pl\/wp-json\/wp\/v2\/product_tag?post=33723"}],"curies":[{"name":"wp","href":"https:\/\/api.w.org\/{rel}","templated":true}]}}