{"id":33730,"date":"2025-06-26T21:22:08","date_gmt":"2025-06-27T05:22:08","guid":{"rendered":"http:\/\/45.63.70.205\/?post_type=product&#038;p=33730"},"modified":"2025-07-14T00:57:04","modified_gmt":"2025-07-14T08:57:04","slug":"pink-transparent-pencil-case-with-tassel-fun-and-functional-organizer","status":"publish","type":"product","link":"http:\/\/shinyyoustationery.com\/pl\/pink-transparent-pencil-case-with-tassel-fun-and-functional-organizer\/","title":{"rendered":"R\u00f3\u017cowy przezroczysty pi\u00f3rnik z fr\u0119dzlami - zabawny i funkcjonalny organizer"},"content":{"rendered":"","protected":false},"excerpt":{"rendered":"<p>Dodaj odrobin\u0119 koloru do swoich artyku\u0142\u00f3w pi\u015bmiennych dzi\u0119ki temu \u017cywemu r\u00f3\u017cowemu pi\u00f3rnikowi. B\u0142yszcz\u0105ca, przezroczysta konstrukcja u\u0142atwia przegl\u0105danie i dost\u0119p do przybor\u00f3w, a elegancki fr\u0119dzel dodaje stylowego akcentu. Idealny do szko\u0142y, pracy lub podr\u00f3\u017cy, ten kompaktowy i funkcjonalny pi\u00f3rnik jest idealny do przechowywania d\u0142ugopis\u00f3w, o\u0142\u00f3wk\u00f3w, p\u0119dzli do makija\u017cu lub innych drobiazg\u00f3w. Jego odwa\u017cny r\u00f3\u017cowy kolor sprawia, \u017ce jest zar\u00f3wno przyci\u0105gaj\u0105cy wzrok, jak i praktyczny.<\/p>","protected":false},"featured_media":33732,"template":"","meta":[],"product_brand":[],"product_cat":[700,404,520],"product_tag":[],"class_list":{"0":"post-33730","1":"product","2":"type-product","3":"status-publish","4":"has-post-thumbnail","6":"product_cat-hot-pink-power-girl-collection","7":"product_cat-bags-cases","8":"product_cat-pencil-case-pouch","10":"first","11":"instock","12":"shipping-taxable","13":"product-type-simple"},"_links":{"self":[{"href":"http:\/\/shinyyoustationery.com\/pl\/wp-json\/wp\/v2\/product\/33730","targetHints":{"allow":["GET"]}}],"collection":[{"href":"http:\/\/shinyyoustationery.com\/pl\/wp-json\/wp\/v2\/product"}],"about":[{"href":"http:\/\/shinyyoustationery.com\/pl\/wp-json\/wp\/v2\/types\/product"}],"version-history":[{"count":0,"href":"http:\/\/shinyyoustationery.com\/pl\/wp-json\/wp\/v2\/product\/33730\/revisions"}],"wp:featuredmedia":[{"embeddable":true,"href":"http:\/\/shinyyoustationery.com\/pl\/wp-json\/wp\/v2\/media\/33732"}],"wp:attachment":[{"href":"http:\/\/shinyyoustationery.com\/pl\/wp-json\/wp\/v2\/media?parent=33730"}],"wp:term":[{"taxonomy":"product_brand","embeddable":true,"href":"http:\/\/shinyyoustationery.com\/pl\/wp-json\/wp\/v2\/product_brand?post=33730"},{"taxonomy":"product_cat","embeddable":true,"href":"http:\/\/shinyyoustationery.com\/pl\/wp-json\/wp\/v2\/product_cat?post=33730"},{"taxonomy":"product_tag","embeddable":true,"href":"http:\/\/shinyyoustationery.com\/pl\/wp-json\/wp\/v2\/product_tag?post=33730"}],"curies":[{"name":"wp","href":"https:\/\/api.w.org\/{rel}","templated":true}]}}