{"id":33735,"date":"2025-06-26T21:31:30","date_gmt":"2025-06-27T05:31:30","guid":{"rendered":"http:\/\/45.63.70.205\/?post_type=product&#038;p=33735"},"modified":"2025-07-14T00:57:17","modified_gmt":"2025-07-14T08:57:17","slug":"colorful-iridescent-pencil-case-with-heart-pom-pom-fun-and-fashionable-organizer","status":"publish","type":"product","link":"http:\/\/shinyyoustationery.com\/pl\/colorful-iridescent-pencil-case-with-heart-pom-pom-fun-and-fashionable-organizer\/","title":{"rendered":"Kolorowy, opalizuj\u0105cy pi\u00f3rnik z sercem i pomponem - zabawny i modny organizer"},"content":{"rendered":"","protected":false},"excerpt":{"rendered":"<p>Dodaj zabawny akcent do swojej kolekcji artyku\u0142\u00f3w pi\u015bmiennych dzi\u0119ki temu opalizuj\u0105cemu pi\u00f3rnikowi. Wyposa\u017cony w uroczy wz\u00f3r serca i puszysty zamek b\u0142yskawiczny z pomponem, ten \u017cywy, wielokolorowy worek jest idealny do przechowywania d\u0142ugopis\u00f3w, o\u0142\u00f3wk\u00f3w i drobnych akcesori\u00f3w. Jego b\u0142yszcz\u0105ce, t\u0119czowe wyko\u0144czenie \u0142apie \u015bwiat\u0142o w wyj\u0105tkowy spos\u00f3b, dzi\u0119ki czemu jest zar\u00f3wno funkcjonalne, jak i modne. Idealna dla student\u00f3w, artyst\u00f3w lub ka\u017cdego, kto uwielbia dodawa\u0107 pop koloru do swoich codziennych przedmiot\u00f3w!<\/p>","protected":false},"featured_media":33737,"template":"","meta":[],"product_brand":[],"product_cat":[520,404,700],"product_tag":[],"class_list":{"0":"post-33735","1":"product","2":"type-product","3":"status-publish","4":"has-post-thumbnail","6":"product_cat-pencil-case-pouch","7":"product_cat-bags-cases","8":"product_cat-hot-pink-power-girl-collection","10":"first","11":"instock","12":"shipping-taxable","13":"product-type-simple"},"_links":{"self":[{"href":"http:\/\/shinyyoustationery.com\/pl\/wp-json\/wp\/v2\/product\/33735","targetHints":{"allow":["GET"]}}],"collection":[{"href":"http:\/\/shinyyoustationery.com\/pl\/wp-json\/wp\/v2\/product"}],"about":[{"href":"http:\/\/shinyyoustationery.com\/pl\/wp-json\/wp\/v2\/types\/product"}],"version-history":[{"count":0,"href":"http:\/\/shinyyoustationery.com\/pl\/wp-json\/wp\/v2\/product\/33735\/revisions"}],"wp:featuredmedia":[{"embeddable":true,"href":"http:\/\/shinyyoustationery.com\/pl\/wp-json\/wp\/v2\/media\/33737"}],"wp:attachment":[{"href":"http:\/\/shinyyoustationery.com\/pl\/wp-json\/wp\/v2\/media?parent=33735"}],"wp:term":[{"taxonomy":"product_brand","embeddable":true,"href":"http:\/\/shinyyoustationery.com\/pl\/wp-json\/wp\/v2\/product_brand?post=33735"},{"taxonomy":"product_cat","embeddable":true,"href":"http:\/\/shinyyoustationery.com\/pl\/wp-json\/wp\/v2\/product_cat?post=33735"},{"taxonomy":"product_tag","embeddable":true,"href":"http:\/\/shinyyoustationery.com\/pl\/wp-json\/wp\/v2\/product_tag?post=33735"}],"curies":[{"name":"wp","href":"https:\/\/api.w.org\/{rel}","templated":true}]}}