{"id":33739,"date":"2025-06-26T21:41:31","date_gmt":"2025-06-27T05:41:31","guid":{"rendered":"http:\/\/45.63.70.205\/?post_type=product&#038;p=33739"},"modified":"2025-07-14T00:57:29","modified_gmt":"2025-07-14T08:57:29","slug":"pink-cat-themed-iridescent-pencil-case-with-pom-pom-cute-and-stylish-organizer","status":"publish","type":"product","link":"http:\/\/shinyyoustationery.com\/pl\/pink-cat-themed-iridescent-pencil-case-with-pom-pom-cute-and-stylish-organizer\/","title":{"rendered":"R\u00f3\u017cowy opalizuj\u0105cy pi\u00f3rnik z motywem kota i pomponem - \u0142adny i stylowy organizer"},"content":{"rendered":"","protected":false},"excerpt":{"rendered":"<p>Ten zabawny pi\u00f3rnik \u0142\u0105czy w sobie zabaw\u0119 i funkcjonalno\u015b\u0107 dzi\u0119ki \u017cywemu r\u00f3\u017cowemu kolorowi i uroczemu wzornictwu inspirowanemu kotami. Posiada opalizuj\u0105ce wyko\u0144czenie i puszysty zamek b\u0142yskawiczny z pomponem, jest idealny dla student\u00f3w, artyst\u00f3w lub ka\u017cdego, kto kocha dziwaczne akcesoria. Przezroczysta g\u00f3rna cz\u0119\u015b\u0107 pozwala \u0142atwo zobaczy\u0107 zawarto\u015b\u0107, jednocze\u015bnie utrzymuj\u0105c j\u0105 w porz\u0105dku. Kompaktowy i stylowy pi\u00f3rnik jest idealny do szko\u0142y, podr\u00f3\u017cy lub codziennego u\u017cytku!<\/p>","protected":false},"featured_media":33741,"template":"","meta":[],"product_brand":[],"product_cat":[520,404,700],"product_tag":[],"class_list":{"0":"post-33739","1":"product","2":"type-product","3":"status-publish","4":"has-post-thumbnail","6":"product_cat-pencil-case-pouch","7":"product_cat-bags-cases","8":"product_cat-hot-pink-power-girl-collection","10":"first","11":"instock","12":"shipping-taxable","13":"product-type-simple"},"_links":{"self":[{"href":"http:\/\/shinyyoustationery.com\/pl\/wp-json\/wp\/v2\/product\/33739","targetHints":{"allow":["GET"]}}],"collection":[{"href":"http:\/\/shinyyoustationery.com\/pl\/wp-json\/wp\/v2\/product"}],"about":[{"href":"http:\/\/shinyyoustationery.com\/pl\/wp-json\/wp\/v2\/types\/product"}],"version-history":[{"count":0,"href":"http:\/\/shinyyoustationery.com\/pl\/wp-json\/wp\/v2\/product\/33739\/revisions"}],"wp:featuredmedia":[{"embeddable":true,"href":"http:\/\/shinyyoustationery.com\/pl\/wp-json\/wp\/v2\/media\/33741"}],"wp:attachment":[{"href":"http:\/\/shinyyoustationery.com\/pl\/wp-json\/wp\/v2\/media?parent=33739"}],"wp:term":[{"taxonomy":"product_brand","embeddable":true,"href":"http:\/\/shinyyoustationery.com\/pl\/wp-json\/wp\/v2\/product_brand?post=33739"},{"taxonomy":"product_cat","embeddable":true,"href":"http:\/\/shinyyoustationery.com\/pl\/wp-json\/wp\/v2\/product_cat?post=33739"},{"taxonomy":"product_tag","embeddable":true,"href":"http:\/\/shinyyoustationery.com\/pl\/wp-json\/wp\/v2\/product_tag?post=33739"}],"curies":[{"name":"wp","href":"https:\/\/api.w.org\/{rel}","templated":true}]}}