{"id":33743,"date":"2025-06-26T21:44:32","date_gmt":"2025-06-27T05:44:32","guid":{"rendered":"http:\/\/45.63.70.205\/?post_type=product&#038;p=33743"},"modified":"2025-07-14T00:57:44","modified_gmt":"2025-07-14T08:57:44","slug":"magic-themed-iridescent-pencil-case-with-pom-pom-fun-and-whimsical-organizer","status":"publish","type":"product","link":"http:\/\/shinyyoustationery.com\/pl\/magic-themed-iridescent-pencil-case-with-pom-pom-fun-and-whimsical-organizer\/","title":{"rendered":"Opalizuj\u0105cy pi\u00f3rnik o tematyce magicznej z zabawnym i kapry\u015bnym organizerem Pom Pom"},"content":{"rendered":"","protected":false},"excerpt":{"rendered":"<p>Ten magiczny, opalizuj\u0105cy pi\u00f3rnik wniesie odrobin\u0119 czaru do Twoich codziennych niezb\u0119dnik\u00f3w. To zabawne i stylowe etui z napisem \"Magic\" w odwa\u017cnym r\u00f3\u017cowym kolorze, uzupe\u0142nione kolorowym zamkiem b\u0142yskawicznym z pomponem, jest idealne do przechowywania d\u0142ugopis\u00f3w, o\u0142\u00f3wk\u00f3w i innych ma\u0142ych przedmiot\u00f3w. Jego \u017cywe kolory zmieniaj\u0105 si\u0119 pod wp\u0142ywem \u015bwiat\u0142a, dodaj\u0105c kapry\u015bnego uroku, kt\u00f3ry jest idealny dla student\u00f3w, artyst\u00f3w lub ka\u017cdego, kto kocha odrobin\u0119 magii w swoim dniu.<\/p>","protected":false},"featured_media":33745,"template":"","meta":[],"product_brand":[],"product_cat":[520,404,700],"product_tag":[],"class_list":{"0":"post-33743","1":"product","2":"type-product","3":"status-publish","4":"has-post-thumbnail","6":"product_cat-pencil-case-pouch","7":"product_cat-bags-cases","8":"product_cat-hot-pink-power-girl-collection","10":"first","11":"instock","12":"shipping-taxable","13":"product-type-simple"},"_links":{"self":[{"href":"http:\/\/shinyyoustationery.com\/pl\/wp-json\/wp\/v2\/product\/33743","targetHints":{"allow":["GET"]}}],"collection":[{"href":"http:\/\/shinyyoustationery.com\/pl\/wp-json\/wp\/v2\/product"}],"about":[{"href":"http:\/\/shinyyoustationery.com\/pl\/wp-json\/wp\/v2\/types\/product"}],"version-history":[{"count":0,"href":"http:\/\/shinyyoustationery.com\/pl\/wp-json\/wp\/v2\/product\/33743\/revisions"}],"wp:featuredmedia":[{"embeddable":true,"href":"http:\/\/shinyyoustationery.com\/pl\/wp-json\/wp\/v2\/media\/33745"}],"wp:attachment":[{"href":"http:\/\/shinyyoustationery.com\/pl\/wp-json\/wp\/v2\/media?parent=33743"}],"wp:term":[{"taxonomy":"product_brand","embeddable":true,"href":"http:\/\/shinyyoustationery.com\/pl\/wp-json\/wp\/v2\/product_brand?post=33743"},{"taxonomy":"product_cat","embeddable":true,"href":"http:\/\/shinyyoustationery.com\/pl\/wp-json\/wp\/v2\/product_cat?post=33743"},{"taxonomy":"product_tag","embeddable":true,"href":"http:\/\/shinyyoustationery.com\/pl\/wp-json\/wp\/v2\/product_tag?post=33743"}],"curies":[{"name":"wp","href":"https:\/\/api.w.org\/{rel}","templated":true}]}}