{"id":33748,"date":"2025-06-26T21:46:38","date_gmt":"2025-06-27T05:46:38","guid":{"rendered":"http:\/\/45.63.70.205\/?post_type=product&#038;p=33748"},"modified":"2025-06-26T21:51:02","modified_gmt":"2025-06-27T05:51:02","slug":"enjoy-themed-iridescent-pencil-case-vibrant-fun-and-practical-organizer","status":"publish","type":"product","link":"http:\/\/shinyyoustationery.com\/pl\/enjoy-themed-iridescent-pencil-case-vibrant-fun-and-practical-organizer\/","title":{"rendered":"Opalizuj\u0105cy pi\u00f3rnik z motywem Enjoy - \u017cywy, zabawny i praktyczny organizer"},"content":{"rendered":"","protected":false},"excerpt":{"rendered":"<p>Ten opalizuj\u0105cy pi\u00f3rnik wnosi odrobin\u0119 koloru i rado\u015bci do codziennych przybor\u00f3w. Wyposa\u017cony w weso\u0142y slogan \"ENJOY\" i u\u015bmiechni\u0119t\u0105 bu\u017ak\u0119, ten zabawny i stylowy pi\u00f3rnik jest idealny do dodawania pozytywnego nastawienia do przybor\u00f3w szkolnych lub biurowych. Jego kolorowy, po\u0142yskuj\u0105cy design i jasnor\u00f3\u017cowy zamek b\u0142yskawiczny sprawiaj\u0105, \u017ce przyci\u0105ga wzrok i jest praktyczny do organizowania d\u0142ugopis\u00f3w, o\u0142\u00f3wk\u00f3w i drobnych akcesori\u00f3w. Niezale\u017cnie od tego, czy jeste\u015b w szkole, pracy, czy w podr\u00f3\u017cy, ten pi\u00f3rnik z pewno\u015bci\u0105 rozprzestrzeni troch\u0119 szcz\u0119\u015bcia!<\/p>","protected":false},"featured_media":33750,"template":"","meta":[],"product_brand":[],"product_cat":[520,404,700],"product_tag":[],"class_list":{"0":"post-33748","1":"product","2":"type-product","3":"status-publish","4":"has-post-thumbnail","6":"product_cat-pencil-case-pouch","7":"product_cat-bags-cases","8":"product_cat-hot-pink-power-girl-collection","10":"first","11":"instock","12":"shipping-taxable","13":"product-type-simple"},"_links":{"self":[{"href":"http:\/\/shinyyoustationery.com\/pl\/wp-json\/wp\/v2\/product\/33748","targetHints":{"allow":["GET"]}}],"collection":[{"href":"http:\/\/shinyyoustationery.com\/pl\/wp-json\/wp\/v2\/product"}],"about":[{"href":"http:\/\/shinyyoustationery.com\/pl\/wp-json\/wp\/v2\/types\/product"}],"version-history":[{"count":0,"href":"http:\/\/shinyyoustationery.com\/pl\/wp-json\/wp\/v2\/product\/33748\/revisions"}],"wp:featuredmedia":[{"embeddable":true,"href":"http:\/\/shinyyoustationery.com\/pl\/wp-json\/wp\/v2\/media\/33750"}],"wp:attachment":[{"href":"http:\/\/shinyyoustationery.com\/pl\/wp-json\/wp\/v2\/media?parent=33748"}],"wp:term":[{"taxonomy":"product_brand","embeddable":true,"href":"http:\/\/shinyyoustationery.com\/pl\/wp-json\/wp\/v2\/product_brand?post=33748"},{"taxonomy":"product_cat","embeddable":true,"href":"http:\/\/shinyyoustationery.com\/pl\/wp-json\/wp\/v2\/product_cat?post=33748"},{"taxonomy":"product_tag","embeddable":true,"href":"http:\/\/shinyyoustationery.com\/pl\/wp-json\/wp\/v2\/product_tag?post=33748"}],"curies":[{"name":"wp","href":"https:\/\/api.w.org\/{rel}","templated":true}]}}