{"id":33752,"date":"2025-06-26T21:57:16","date_gmt":"2025-06-27T05:57:16","guid":{"rendered":"http:\/\/45.63.70.205\/?post_type=product&#038;p=33752"},"modified":"2025-06-26T22:00:01","modified_gmt":"2025-06-27T06:00:01","slug":"i-am-very-busy-iridescent-pencil-case-fun-and-bold-organizer","status":"publish","type":"product","link":"http:\/\/shinyyoustationery.com\/pl\/i-am-very-busy-iridescent-pencil-case-fun-and-bold-organizer\/","title":{"rendered":"Opalizuj\u0105cy pi\u00f3rnik I Am Very Busy Zabawny i odwa\u017cny organizer"},"content":{"rendered":"","protected":false},"excerpt":{"rendered":"<p>Ten przyci\u0105gaj\u0105cy wzrok opalizuj\u0105cy pi\u00f3rnik z odwa\u017cnym napisem \"I AM VERY BUSY\" w jasnor\u00f3\u017cowym kolorze jest idealny dla os\u00f3b prowadz\u0105cych intensywny, t\u0119tni\u0105cy \u017cyciem tryb \u017cycia. Jego b\u0142yszcz\u0105cy, zmieniaj\u0105cy kolor materia\u0142 i zabawny design sprawiaj\u0105, \u017ce jest to zabawne i stylowe akcesorium do organizowania d\u0142ugopis\u00f3w, o\u0142\u00f3wk\u00f3w i innych niezb\u0119dnych przedmiot\u00f3w. Idealny dla student\u00f3w, profesjonalist\u00f3w lub ka\u017cdego, kto chce utrzyma\u0107 porz\u0105dek w swoich zapasach, jednocze\u015bnie dodaj\u0105c osobowo\u015bci do swojej codziennej rutyny!<\/p>","protected":false},"featured_media":33753,"template":"","meta":[],"product_brand":[],"product_cat":[520,404,700],"product_tag":[],"class_list":{"0":"post-33752","1":"product","2":"type-product","3":"status-publish","4":"has-post-thumbnail","6":"product_cat-pencil-case-pouch","7":"product_cat-bags-cases","8":"product_cat-hot-pink-power-girl-collection","10":"first","11":"instock","12":"shipping-taxable","13":"product-type-simple"},"_links":{"self":[{"href":"http:\/\/shinyyoustationery.com\/pl\/wp-json\/wp\/v2\/product\/33752","targetHints":{"allow":["GET"]}}],"collection":[{"href":"http:\/\/shinyyoustationery.com\/pl\/wp-json\/wp\/v2\/product"}],"about":[{"href":"http:\/\/shinyyoustationery.com\/pl\/wp-json\/wp\/v2\/types\/product"}],"version-history":[{"count":0,"href":"http:\/\/shinyyoustationery.com\/pl\/wp-json\/wp\/v2\/product\/33752\/revisions"}],"wp:featuredmedia":[{"embeddable":true,"href":"http:\/\/shinyyoustationery.com\/pl\/wp-json\/wp\/v2\/media\/33753"}],"wp:attachment":[{"href":"http:\/\/shinyyoustationery.com\/pl\/wp-json\/wp\/v2\/media?parent=33752"}],"wp:term":[{"taxonomy":"product_brand","embeddable":true,"href":"http:\/\/shinyyoustationery.com\/pl\/wp-json\/wp\/v2\/product_brand?post=33752"},{"taxonomy":"product_cat","embeddable":true,"href":"http:\/\/shinyyoustationery.com\/pl\/wp-json\/wp\/v2\/product_cat?post=33752"},{"taxonomy":"product_tag","embeddable":true,"href":"http:\/\/shinyyoustationery.com\/pl\/wp-json\/wp\/v2\/product_tag?post=33752"}],"curies":[{"name":"wp","href":"https:\/\/api.w.org\/{rel}","templated":true}]}}