{"id":33757,"date":"2025-06-26T22:00:35","date_gmt":"2025-06-27T06:00:35","guid":{"rendered":"http:\/\/45.63.70.205\/?post_type=product&#038;p=33757"},"modified":"2025-06-26T22:02:39","modified_gmt":"2025-06-27T06:02:39","slug":"iridescent-sunglasses-inspired-pencil-case-fun-and-fashionable-organizer","status":"publish","type":"product","link":"http:\/\/shinyyoustationery.com\/pl\/iridescent-sunglasses-inspired-pencil-case-fun-and-fashionable-organizer\/","title":{"rendered":"Opalizuj\u0105cy pi\u00f3rnik inspirowany okularami przeciws\u0142onecznymi - zabawny i modny organizer"},"content":{"rendered":"","protected":false},"excerpt":{"rendered":"<p>Ten zabawny pi\u00f3rnik inspirowany okularami przeciws\u0142onecznymi to stylowy spos\u00f3b na uporz\u0105dkowanie niezb\u0119dnych rzeczy. Dzi\u0119ki opalizuj\u0105cemu wyko\u0144czeniu, kt\u00f3re zmienia kolory z r\u00f3\u017cowego na niebieski, ma unikalny design, kt\u00f3ry przypomina modne okulary przeciws\u0142oneczne w kszta\u0142cie kocich oczu. \u017bywy r\u00f3\u017cowy zamek b\u0142yskawiczny i przezroczysty korpus sprawiaj\u0105, \u017ce jest to zabawne i funkcjonalne akcesorium dla student\u00f3w, artyst\u00f3w lub ka\u017cdego, kto kocha dziwaczne, przyci\u0105gaj\u0105ce wzrok projekty. Idealny do przechowywania d\u0142ugopis\u00f3w, o\u0142\u00f3wk\u00f3w lub innych ma\u0142ych przedmiot\u00f3w w modny spos\u00f3b!<\/p>","protected":false},"featured_media":33753,"template":"","meta":[],"product_brand":[],"product_cat":[520,404,700],"product_tag":[],"class_list":{"0":"post-33757","1":"product","2":"type-product","3":"status-publish","4":"has-post-thumbnail","6":"product_cat-pencil-case-pouch","7":"product_cat-bags-cases","8":"product_cat-hot-pink-power-girl-collection","10":"first","11":"instock","12":"shipping-taxable","13":"product-type-simple"},"_links":{"self":[{"href":"http:\/\/shinyyoustationery.com\/pl\/wp-json\/wp\/v2\/product\/33757","targetHints":{"allow":["GET"]}}],"collection":[{"href":"http:\/\/shinyyoustationery.com\/pl\/wp-json\/wp\/v2\/product"}],"about":[{"href":"http:\/\/shinyyoustationery.com\/pl\/wp-json\/wp\/v2\/types\/product"}],"version-history":[{"count":0,"href":"http:\/\/shinyyoustationery.com\/pl\/wp-json\/wp\/v2\/product\/33757\/revisions"}],"wp:featuredmedia":[{"embeddable":true,"href":"http:\/\/shinyyoustationery.com\/pl\/wp-json\/wp\/v2\/media\/33753"}],"wp:attachment":[{"href":"http:\/\/shinyyoustationery.com\/pl\/wp-json\/wp\/v2\/media?parent=33757"}],"wp:term":[{"taxonomy":"product_brand","embeddable":true,"href":"http:\/\/shinyyoustationery.com\/pl\/wp-json\/wp\/v2\/product_brand?post=33757"},{"taxonomy":"product_cat","embeddable":true,"href":"http:\/\/shinyyoustationery.com\/pl\/wp-json\/wp\/v2\/product_cat?post=33757"},{"taxonomy":"product_tag","embeddable":true,"href":"http:\/\/shinyyoustationery.com\/pl\/wp-json\/wp\/v2\/product_tag?post=33757"}],"curies":[{"name":"wp","href":"https:\/\/api.w.org\/{rel}","templated":true}]}}