{"id":33761,"date":"2025-06-26T22:03:39","date_gmt":"2025-06-27T06:03:39","guid":{"rendered":"http:\/\/45.63.70.205\/?post_type=product&#038;p=33761"},"modified":"2025-06-26T22:09:38","modified_gmt":"2025-06-27T06:09:38","slug":"trendy-pink-purple-transparent-pouch-perfect-for-beach-days-summer-fun","status":"publish","type":"product","link":"http:\/\/shinyyoustationery.com\/pl\/trendy-pink-purple-transparent-pouch-perfect-for-beach-days-summer-fun\/","title":{"rendered":"Modne r\u00f3\u017cowo-fioletowe przezroczyste etui idealne na pla\u017c\u0119 i letnie zabawy"},"content":{"rendered":"","protected":false},"excerpt":{"rendered":"<p>Ta t\u0119tni\u0105ca \u017cyciem torebka \"No Shades, Just Sunshine\" jest idealna na s\u0142oneczne dni! Dzi\u0119ki kolorowemu, opalizuj\u0105cemu wzornictwu, kt\u00f3re przechodzi od r\u00f3\u017cowego do niebieskiego, wnosi weso\u0142y i zabawny akcent do ka\u017cdej kolekcji. Odwa\u017cne, pozytywne przes\u0142anie sprawia, \u017ce idealnie nadaje si\u0119 do przenoszenia ma\u0142ych przedmiot\u00f3w, takich jak kosmetyki, artyku\u0142y papiernicze, a nawet okulary przeciws\u0142oneczne. Kompaktowa i stylowa saszetka jest idealna na pla\u017c\u0119, w podr\u00f3\u017cy lub po prostu dodaje odrobin\u0119 s\u0142o\u0144ca do codziennej rutyny!<\/p>","protected":false},"featured_media":33762,"template":"","meta":[],"product_brand":[],"product_cat":[520,404,700],"product_tag":[],"class_list":{"0":"post-33761","1":"product","2":"type-product","3":"status-publish","4":"has-post-thumbnail","6":"product_cat-pencil-case-pouch","7":"product_cat-bags-cases","8":"product_cat-hot-pink-power-girl-collection","10":"first","11":"instock","12":"shipping-taxable","13":"product-type-simple"},"_links":{"self":[{"href":"http:\/\/shinyyoustationery.com\/pl\/wp-json\/wp\/v2\/product\/33761","targetHints":{"allow":["GET"]}}],"collection":[{"href":"http:\/\/shinyyoustationery.com\/pl\/wp-json\/wp\/v2\/product"}],"about":[{"href":"http:\/\/shinyyoustationery.com\/pl\/wp-json\/wp\/v2\/types\/product"}],"version-history":[{"count":0,"href":"http:\/\/shinyyoustationery.com\/pl\/wp-json\/wp\/v2\/product\/33761\/revisions"}],"wp:featuredmedia":[{"embeddable":true,"href":"http:\/\/shinyyoustationery.com\/pl\/wp-json\/wp\/v2\/media\/33762"}],"wp:attachment":[{"href":"http:\/\/shinyyoustationery.com\/pl\/wp-json\/wp\/v2\/media?parent=33761"}],"wp:term":[{"taxonomy":"product_brand","embeddable":true,"href":"http:\/\/shinyyoustationery.com\/pl\/wp-json\/wp\/v2\/product_brand?post=33761"},{"taxonomy":"product_cat","embeddable":true,"href":"http:\/\/shinyyoustationery.com\/pl\/wp-json\/wp\/v2\/product_cat?post=33761"},{"taxonomy":"product_tag","embeddable":true,"href":"http:\/\/shinyyoustationery.com\/pl\/wp-json\/wp\/v2\/product_tag?post=33761"}],"curies":[{"name":"wp","href":"https:\/\/api.w.org\/{rel}","templated":true}]}}