{"id":33764,"date":"2025-06-26T22:26:31","date_gmt":"2025-06-27T06:26:31","guid":{"rendered":"http:\/\/45.63.70.205\/?post_type=product&#038;p=33764"},"modified":"2025-06-26T22:29:04","modified_gmt":"2025-06-27T06:29:04","slug":"iridescent-floral-pouch-with-pom-pom-cute-and-playful-accessory","status":"publish","type":"product","link":"http:\/\/shinyyoustationery.com\/pl\/iridescent-floral-pouch-with-pom-pom-cute-and-playful-accessory\/","title":{"rendered":"Opalizuj\u0105ca torebka w kwiaty z pomponem - urocze i zabawne akcesorium"},"content":{"rendered":"","protected":false},"excerpt":{"rendered":"<p>Ta urocza opalizuj\u0105ca saszetka ma jasnor\u00f3\u017cowy pompon i zamek b\u0142yskawiczny w kszta\u0142cie kwiatu, dzi\u0119ki czemu jest zabawnym i przyci\u0105gaj\u0105cym wzrok dodatkiem. Dzi\u0119ki subtelnemu wzornictwu zmieniaj\u0105cemu kolor, jest idealny do organizowania ma\u0142ych przedmiot\u00f3w, takich jak makija\u017c, monety lub artyku\u0142y papiernicze. Zabawne r\u00f3\u017cowe paski i kwiatek dodaj\u0105 uroku, dzi\u0119ki czemu jest idealny dla student\u00f3w, podr\u00f3\u017cnik\u00f3w lub ka\u017cdego, kto kocha dziwaczne i kolorowe akcesoria. Kompaktowy, ale stylowy, jest idealny do przenoszenia niezb\u0119dnych rzeczy w dobrym stylu!<\/p>","protected":false},"featured_media":33765,"template":"","meta":[],"product_brand":[],"product_cat":[520,404,700],"product_tag":[],"class_list":{"0":"post-33764","1":"product","2":"type-product","3":"status-publish","4":"has-post-thumbnail","6":"product_cat-pencil-case-pouch","7":"product_cat-bags-cases","8":"product_cat-hot-pink-power-girl-collection","10":"first","11":"instock","12":"shipping-taxable","13":"product-type-simple"},"_links":{"self":[{"href":"http:\/\/shinyyoustationery.com\/pl\/wp-json\/wp\/v2\/product\/33764","targetHints":{"allow":["GET"]}}],"collection":[{"href":"http:\/\/shinyyoustationery.com\/pl\/wp-json\/wp\/v2\/product"}],"about":[{"href":"http:\/\/shinyyoustationery.com\/pl\/wp-json\/wp\/v2\/types\/product"}],"version-history":[{"count":0,"href":"http:\/\/shinyyoustationery.com\/pl\/wp-json\/wp\/v2\/product\/33764\/revisions"}],"wp:featuredmedia":[{"embeddable":true,"href":"http:\/\/shinyyoustationery.com\/pl\/wp-json\/wp\/v2\/media\/33765"}],"wp:attachment":[{"href":"http:\/\/shinyyoustationery.com\/pl\/wp-json\/wp\/v2\/media?parent=33764"}],"wp:term":[{"taxonomy":"product_brand","embeddable":true,"href":"http:\/\/shinyyoustationery.com\/pl\/wp-json\/wp\/v2\/product_brand?post=33764"},{"taxonomy":"product_cat","embeddable":true,"href":"http:\/\/shinyyoustationery.com\/pl\/wp-json\/wp\/v2\/product_cat?post=33764"},{"taxonomy":"product_tag","embeddable":true,"href":"http:\/\/shinyyoustationery.com\/pl\/wp-json\/wp\/v2\/product_tag?post=33764"}],"curies":[{"name":"wp","href":"https:\/\/api.w.org\/{rel}","templated":true}]}}