{"id":33772,"date":"2025-06-26T22:41:18","date_gmt":"2025-06-27T06:41:18","guid":{"rendered":"http:\/\/45.63.70.205\/?post_type=product&#038;p=33772"},"modified":"2025-07-07T15:23:05","modified_gmt":"2025-07-07T07:23:05","slug":"rainbow-iridescent-pencil-case-for-girls-fun-colorful-school-organizer","status":"publish","type":"product","link":"http:\/\/shinyyoustationery.com\/pl\/rainbow-iridescent-pencil-case-for-girls-fun-colorful-school-organizer\/","title":{"rendered":"T\u0119czowy, opalizuj\u0105cy pi\u00f3rnik dla dziewczynek - zabawny i kolorowy organizer szkolny"},"content":{"rendered":"","protected":false},"excerpt":{"rendered":"<p>Ten t\u0119tni\u0105cy \u017cyciem t\u0119czowy pi\u00f3rnik jest idealny dla dziewczynek w wieku szkolnym, kt\u00f3re uwielbiaj\u0105 zabawne kolory i stylowe akcesoria. Wyposa\u017cony w opalizuj\u0105ce wyko\u0144czenie, kt\u00f3re zmienia si\u0119 pod wp\u0142ywem \u015bwiat\u0142a i uroczy zamek b\u0142yskawiczny z pomponem, jest idealny do przechowywania d\u0142ugopis\u00f3w, o\u0142\u00f3wk\u00f3w lub drobnych niezb\u0119dnych rzeczy. Lekki, wytrzyma\u0142y i pe\u0142en osobowo\u015bci - doda odrobin\u0119 zabawy do ka\u017cdego plecaka!<\/p>","protected":false},"featured_media":33773,"template":"","meta":[],"product_brand":[],"product_cat":[404,477,520,700,716],"product_tag":[],"class_list":{"0":"post-33772","1":"product","2":"type-product","3":"status-publish","4":"has-post-thumbnail","6":"product_cat-bags-cases","7":"product_cat-school-bags","8":"product_cat-pencil-case-pouch","9":"product_cat-hot-pink-power-girl-collection","10":"product_cat-coin-purse","12":"first","13":"instock","14":"shipping-taxable","15":"product-type-simple"},"_links":{"self":[{"href":"http:\/\/shinyyoustationery.com\/pl\/wp-json\/wp\/v2\/product\/33772","targetHints":{"allow":["GET"]}}],"collection":[{"href":"http:\/\/shinyyoustationery.com\/pl\/wp-json\/wp\/v2\/product"}],"about":[{"href":"http:\/\/shinyyoustationery.com\/pl\/wp-json\/wp\/v2\/types\/product"}],"version-history":[{"count":0,"href":"http:\/\/shinyyoustationery.com\/pl\/wp-json\/wp\/v2\/product\/33772\/revisions"}],"wp:featuredmedia":[{"embeddable":true,"href":"http:\/\/shinyyoustationery.com\/pl\/wp-json\/wp\/v2\/media\/33773"}],"wp:attachment":[{"href":"http:\/\/shinyyoustationery.com\/pl\/wp-json\/wp\/v2\/media?parent=33772"}],"wp:term":[{"taxonomy":"product_brand","embeddable":true,"href":"http:\/\/shinyyoustationery.com\/pl\/wp-json\/wp\/v2\/product_brand?post=33772"},{"taxonomy":"product_cat","embeddable":true,"href":"http:\/\/shinyyoustationery.com\/pl\/wp-json\/wp\/v2\/product_cat?post=33772"},{"taxonomy":"product_tag","embeddable":true,"href":"http:\/\/shinyyoustationery.com\/pl\/wp-json\/wp\/v2\/product_tag?post=33772"}],"curies":[{"name":"wp","href":"https:\/\/api.w.org\/{rel}","templated":true}]}}