{"id":33775,"date":"2025-06-26T22:48:35","date_gmt":"2025-06-27T06:48:35","guid":{"rendered":"http:\/\/45.63.70.205\/?post_type=product&#038;p=33775"},"modified":"2025-07-07T15:23:11","modified_gmt":"2025-07-07T07:23:11","slug":"pink-star-pencil-case-for-kids-cute-functional-organizer-for-school-supplies","status":"publish","type":"product","link":"http:\/\/shinyyoustationery.com\/pl\/pink-star-pencil-case-for-kids-cute-functional-organizer-for-school-supplies\/","title":{"rendered":"R\u00f3\u017cowy pi\u00f3rnik gwiazdkowy dla dzieci - \u0142adny i funkcjonalny organizer na przybory szkolne"},"content":{"rendered":"","protected":false},"excerpt":{"rendered":"<p>Ten uroczy r\u00f3\u017cowy pi\u00f3rnik jest idealny dla m\u0142odych uczni\u00f3w, kt\u00f3rzy kochaj\u0105 jasne, zabawne akcesoria. Wyposa\u017cony w srebrn\u0105 gwiazdk\u0119, dodaje odrobin\u0119 blasku do ka\u017cdego szkolnego dnia. Wytrzyma\u0142a i kompaktowa konstrukcja sprawia, \u017ce idealnie nadaje si\u0119 do organizowania o\u0142\u00f3wk\u00f3w, d\u0142ugopis\u00f3w i innych ma\u0142ych przedmiot\u00f3w. Niezale\u017cnie od tego, czy chodzi o szko\u0142\u0119, przybory artystyczne czy codzienne u\u017cytkowanie, ten pi\u00f3rnik \u0142\u0105czy w sobie funkcjonalno\u015b\u0107 i zabawny styl.<\/p>","protected":false},"featured_media":33776,"template":"","meta":[],"product_brand":[],"product_cat":[404,477,520,700,716],"product_tag":[],"class_list":{"0":"post-33775","1":"product","2":"type-product","3":"status-publish","4":"has-post-thumbnail","6":"product_cat-bags-cases","7":"product_cat-school-bags","8":"product_cat-pencil-case-pouch","9":"product_cat-hot-pink-power-girl-collection","10":"product_cat-coin-purse","12":"first","13":"instock","14":"shipping-taxable","15":"product-type-simple"},"_links":{"self":[{"href":"http:\/\/shinyyoustationery.com\/pl\/wp-json\/wp\/v2\/product\/33775","targetHints":{"allow":["GET"]}}],"collection":[{"href":"http:\/\/shinyyoustationery.com\/pl\/wp-json\/wp\/v2\/product"}],"about":[{"href":"http:\/\/shinyyoustationery.com\/pl\/wp-json\/wp\/v2\/types\/product"}],"version-history":[{"count":0,"href":"http:\/\/shinyyoustationery.com\/pl\/wp-json\/wp\/v2\/product\/33775\/revisions"}],"wp:featuredmedia":[{"embeddable":true,"href":"http:\/\/shinyyoustationery.com\/pl\/wp-json\/wp\/v2\/media\/33776"}],"wp:attachment":[{"href":"http:\/\/shinyyoustationery.com\/pl\/wp-json\/wp\/v2\/media?parent=33775"}],"wp:term":[{"taxonomy":"product_brand","embeddable":true,"href":"http:\/\/shinyyoustationery.com\/pl\/wp-json\/wp\/v2\/product_brand?post=33775"},{"taxonomy":"product_cat","embeddable":true,"href":"http:\/\/shinyyoustationery.com\/pl\/wp-json\/wp\/v2\/product_cat?post=33775"},{"taxonomy":"product_tag","embeddable":true,"href":"http:\/\/shinyyoustationery.com\/pl\/wp-json\/wp\/v2\/product_tag?post=33775"}],"curies":[{"name":"wp","href":"https:\/\/api.w.org\/{rel}","templated":true}]}}