{"id":33779,"date":"2025-06-26T22:52:44","date_gmt":"2025-06-27T06:52:44","guid":{"rendered":"http:\/\/45.63.70.205\/?post_type=product&#038;p=33779"},"modified":"2025-07-07T15:23:18","modified_gmt":"2025-07-07T07:23:18","slug":"pink-heart-studded-pencil-case-trendy-organizer-for-school-or-travel","status":"publish","type":"product","link":"http:\/\/shinyyoustationery.com\/pl\/pink-heart-studded-pencil-case-trendy-organizer-for-school-or-travel\/","title":{"rendered":"R\u00f3\u017cowy pi\u00f3rnik z \u0107wiekami w kszta\u0142cie serca - modny organizer do szko\u0142y lub podr\u00f3\u017cy"},"content":{"rendered":"","protected":false},"excerpt":{"rendered":"<p>Ten zabawny r\u00f3\u017cowy pi\u00f3rnik posiada b\u0142yszcz\u0105ce \u0107wieki w kszta\u0142cie serca, dodaj\u0105c modnego akcentu do szkolnych lub podr\u00f3\u017cnych niezb\u0119dnik\u00f3w. Przezroczysty materia\u0142 pozwala \u0142atwo zobaczy\u0107 i uporz\u0105dkowa\u0107 d\u0142ugopisy, o\u0142\u00f3wki lub ma\u0142e akcesoria. Idealny dla student\u00f3w, artyst\u00f3w lub ka\u017cdego, kto kocha zabawne i stylowe akcesoria. Jego kompaktowa konstrukcja sprawia, \u017ce idealnie nadaje si\u0119 do u\u017cytku w podr\u00f3\u017cy, jednocze\u015bnie utrzymuj\u0105c materia\u0142y w elegancki spos\u00f3b.<\/p>","protected":false},"featured_media":33780,"template":"","meta":[],"product_brand":[],"product_cat":[477,520,700,716,404],"product_tag":[],"class_list":{"0":"post-33779","1":"product","2":"type-product","3":"status-publish","4":"has-post-thumbnail","6":"product_cat-school-bags","7":"product_cat-pencil-case-pouch","8":"product_cat-hot-pink-power-girl-collection","9":"product_cat-coin-purse","10":"product_cat-bags-cases","12":"first","13":"instock","14":"shipping-taxable","15":"product-type-simple"},"_links":{"self":[{"href":"http:\/\/shinyyoustationery.com\/pl\/wp-json\/wp\/v2\/product\/33779","targetHints":{"allow":["GET"]}}],"collection":[{"href":"http:\/\/shinyyoustationery.com\/pl\/wp-json\/wp\/v2\/product"}],"about":[{"href":"http:\/\/shinyyoustationery.com\/pl\/wp-json\/wp\/v2\/types\/product"}],"version-history":[{"count":0,"href":"http:\/\/shinyyoustationery.com\/pl\/wp-json\/wp\/v2\/product\/33779\/revisions"}],"wp:featuredmedia":[{"embeddable":true,"href":"http:\/\/shinyyoustationery.com\/pl\/wp-json\/wp\/v2\/media\/33780"}],"wp:attachment":[{"href":"http:\/\/shinyyoustationery.com\/pl\/wp-json\/wp\/v2\/media?parent=33779"}],"wp:term":[{"taxonomy":"product_brand","embeddable":true,"href":"http:\/\/shinyyoustationery.com\/pl\/wp-json\/wp\/v2\/product_brand?post=33779"},{"taxonomy":"product_cat","embeddable":true,"href":"http:\/\/shinyyoustationery.com\/pl\/wp-json\/wp\/v2\/product_cat?post=33779"},{"taxonomy":"product_tag","embeddable":true,"href":"http:\/\/shinyyoustationery.com\/pl\/wp-json\/wp\/v2\/product_tag?post=33779"}],"curies":[{"name":"wp","href":"https:\/\/api.w.org\/{rel}","templated":true}]}}