{"id":33787,"date":"2025-06-26T23:23:57","date_gmt":"2025-06-27T07:23:57","guid":{"rendered":"http:\/\/45.63.70.205\/?post_type=product&#038;p=33787"},"modified":"2025-07-07T15:32:26","modified_gmt":"2025-07-07T07:32:26","slug":"hot-pink-tote-bag-stylish-and-fun-eco-friendly-bag-for-book-lovers","status":"publish","type":"product","link":"http:\/\/shinyyoustationery.com\/pl\/hot-pink-tote-bag-stylish-and-fun-eco-friendly-bag-for-book-lovers\/","title":{"rendered":"Hot Pink Tote Bag - stylowa i zabawna ekologiczna torba dla mi\u0142o\u015bnik\u00f3w ksi\u0105\u017cek"},"content":{"rendered":"","protected":false},"excerpt":{"rendered":"<p>Poka\u017c swoj\u0105 mi\u0142o\u015b\u0107 do ksi\u0105\u017cek z tym odwa\u017cnym <strong data-start=\"168\" data-end=\"189\">\"Czytanie jest sexy\"<\/strong> Gor\u0105ca r\u00f3\u017cowa torba na rami\u0119! Wykonana z wytrzyma\u0142ego materia\u0142u, ta przyci\u0105gaj\u0105ca wzrok torba jest idealna do noszenia ksi\u0105\u017cek, artyku\u0142\u00f3w spo\u017cywczych lub codziennych drobiazg\u00f3w. Jej \u017cywy kolor i zabawny slogan sprawiaj\u0105, \u017ce jest to \u015bwietny dodatek dla mi\u0142o\u015bnik\u00f3w ksi\u0105\u017cek i ka\u017cdego, kto ma zabawne poczucie stylu. Niezale\u017cnie od tego, czy wybierasz si\u0119 do biblioteki, czy za\u0142atwiasz sprawy, ta torba jest zar\u00f3wno praktyczna, jak i stylowa.<\/p>","protected":false},"featured_media":33788,"template":"","meta":[],"product_brand":[],"product_cat":[700,517,518,535,705],"product_tag":[],"class_list":{"0":"post-33787","1":"product","2":"type-product","3":"status-publish","4":"has-post-thumbnail","6":"product_cat-hot-pink-power-girl-collection","7":"product_cat-backpack","8":"product_cat-school-backpack","9":"product_cat-storage-bag","10":"product_cat-tote-bag","12":"first","13":"instock","14":"shipping-taxable","15":"product-type-simple"},"_links":{"self":[{"href":"http:\/\/shinyyoustationery.com\/pl\/wp-json\/wp\/v2\/product\/33787","targetHints":{"allow":["GET"]}}],"collection":[{"href":"http:\/\/shinyyoustationery.com\/pl\/wp-json\/wp\/v2\/product"}],"about":[{"href":"http:\/\/shinyyoustationery.com\/pl\/wp-json\/wp\/v2\/types\/product"}],"version-history":[{"count":0,"href":"http:\/\/shinyyoustationery.com\/pl\/wp-json\/wp\/v2\/product\/33787\/revisions"}],"wp:featuredmedia":[{"embeddable":true,"href":"http:\/\/shinyyoustationery.com\/pl\/wp-json\/wp\/v2\/media\/33788"}],"wp:attachment":[{"href":"http:\/\/shinyyoustationery.com\/pl\/wp-json\/wp\/v2\/media?parent=33787"}],"wp:term":[{"taxonomy":"product_brand","embeddable":true,"href":"http:\/\/shinyyoustationery.com\/pl\/wp-json\/wp\/v2\/product_brand?post=33787"},{"taxonomy":"product_cat","embeddable":true,"href":"http:\/\/shinyyoustationery.com\/pl\/wp-json\/wp\/v2\/product_cat?post=33787"},{"taxonomy":"product_tag","embeddable":true,"href":"http:\/\/shinyyoustationery.com\/pl\/wp-json\/wp\/v2\/product_tag?post=33787"}],"curies":[{"name":"wp","href":"https:\/\/api.w.org\/{rel}","templated":true}]}}