{"id":33790,"date":"2025-06-26T23:43:17","date_gmt":"2025-06-27T07:43:17","guid":{"rendered":"http:\/\/45.63.70.205\/?post_type=product&#038;p=33790"},"modified":"2025-07-07T15:32:33","modified_gmt":"2025-07-07T07:32:33","slug":"hot-pink-tote-bag-trendy-and-functional-for-school-or-office","status":"publish","type":"product","link":"http:\/\/shinyyoustationery.com\/pl\/hot-pink-tote-bag-trendy-and-functional-for-school-or-office\/","title":{"rendered":"Hot Pink Tote Bag - modna i funkcjonalna torba do szko\u0142y lub biura"},"content":{"rendered":"","protected":false},"excerpt":{"rendered":"<p>Zachowaj styl i porz\u0105dek dzi\u0119ki <strong data-start=\"203\" data-end=\"218\">\"LA FESTIN\"<\/strong> Torba w kolorze gor\u0105cego r\u00f3\u017cu - idealna dla studentek i profesjonalistek ceni\u0105cych mod\u0119. Dzi\u0119ki odwa\u017cnym czarnym uchwytom i nowoczesnym napisom, ta przyci\u0105gaj\u0105ca wzrok torba z \u0142atwo\u015bci\u0105 pomie\u015bci ksi\u0105\u017cki, zeszyty, tablet lub codzienne drobiazgi. Niezale\u017cnie od tego, czy wybierasz si\u0119 na zaj\u0119cia, czy do biura, doda ona \u017cywego akcentu Twojemu strojowi, oferuj\u0105c jednocze\u015bnie du\u017co miejsca i komfortu. Idealne po\u0142\u0105czenie mody i funkcjonalno\u015bci do codziennego u\u017cytku!<\/p>","protected":false},"featured_media":33792,"template":"","meta":[],"product_brand":[],"product_cat":[700,517,518,535,705],"product_tag":[],"class_list":{"0":"post-33790","1":"product","2":"type-product","3":"status-publish","4":"has-post-thumbnail","6":"product_cat-hot-pink-power-girl-collection","7":"product_cat-backpack","8":"product_cat-school-backpack","9":"product_cat-storage-bag","10":"product_cat-tote-bag","12":"first","13":"instock","14":"shipping-taxable","15":"product-type-simple"},"_links":{"self":[{"href":"http:\/\/shinyyoustationery.com\/pl\/wp-json\/wp\/v2\/product\/33790","targetHints":{"allow":["GET"]}}],"collection":[{"href":"http:\/\/shinyyoustationery.com\/pl\/wp-json\/wp\/v2\/product"}],"about":[{"href":"http:\/\/shinyyoustationery.com\/pl\/wp-json\/wp\/v2\/types\/product"}],"version-history":[{"count":0,"href":"http:\/\/shinyyoustationery.com\/pl\/wp-json\/wp\/v2\/product\/33790\/revisions"}],"wp:featuredmedia":[{"embeddable":true,"href":"http:\/\/shinyyoustationery.com\/pl\/wp-json\/wp\/v2\/media\/33792"}],"wp:attachment":[{"href":"http:\/\/shinyyoustationery.com\/pl\/wp-json\/wp\/v2\/media?parent=33790"}],"wp:term":[{"taxonomy":"product_brand","embeddable":true,"href":"http:\/\/shinyyoustationery.com\/pl\/wp-json\/wp\/v2\/product_brand?post=33790"},{"taxonomy":"product_cat","embeddable":true,"href":"http:\/\/shinyyoustationery.com\/pl\/wp-json\/wp\/v2\/product_cat?post=33790"},{"taxonomy":"product_tag","embeddable":true,"href":"http:\/\/shinyyoustationery.com\/pl\/wp-json\/wp\/v2\/product_tag?post=33790"}],"curies":[{"name":"wp","href":"https:\/\/api.w.org\/{rel}","templated":true}]}}