{"id":33796,"date":"2025-06-27T00:31:00","date_gmt":"2025-06-27T08:31:00","guid":{"rendered":"http:\/\/45.63.70.205\/?post_type=product&#038;p=33796"},"modified":"2025-06-27T00:33:48","modified_gmt":"2025-06-27T08:33:48","slug":"vibrant-pink-purple-hardtop-pencil-case-for-kids-teens-and-students","status":"publish","type":"product","link":"http:\/\/shinyyoustationery.com\/pl\/vibrant-pink-purple-hardtop-pencil-case-for-kids-teens-and-students\/","title":{"rendered":"R\u00f3\u017cowo-fioletowy pi\u00f3rnik z twardym daszkiem dla dzieci, nastolatk\u00f3w i student\u00f3w"},"content":{"rendered":"","protected":false},"excerpt":{"rendered":"<p>Dodaj odrobin\u0119 zabawy i organizacji do swoich przybor\u00f3w szkolnych dzi\u0119ki temu <strong data-start=\"216\" data-end=\"267\">Pi\u00f3rnik z daszkiem Sparkling Rainbow Lightning<\/strong>. Etui z kolorowym wzorem t\u0119czy i b\u0142yskawic na b\u0142yszcz\u0105cej r\u00f3\u017cowo-fioletowej obudowie jest idealne dla student\u00f3w, nastolatk\u00f3w i ka\u017cdego, kto kocha \u017cywe, funkcjonalne akcesoria. Dzi\u0119ki wytrzyma\u0142ej twardej pokrywie i przestronnemu wn\u0119trzu idealnie nadaje si\u0119 do przechowywania o\u0142\u00f3wk\u00f3w, d\u0142ugopis\u00f3w i innych niezb\u0119dnych artyku\u0142\u00f3w pi\u015bmiennych. Idealne na powr\u00f3t do szko\u0142y lub jako zabawny prezent dla kreatywnych umys\u0142\u00f3w!<\/p>","protected":false},"featured_media":33798,"template":"","meta":[],"product_brand":[],"product_cat":[700,520],"product_tag":[],"class_list":{"0":"post-33796","1":"product","2":"type-product","3":"status-publish","4":"has-post-thumbnail","6":"product_cat-hot-pink-power-girl-collection","7":"product_cat-pencil-case-pouch","9":"first","10":"instock","11":"shipping-taxable","12":"product-type-simple"},"_links":{"self":[{"href":"http:\/\/shinyyoustationery.com\/pl\/wp-json\/wp\/v2\/product\/33796","targetHints":{"allow":["GET"]}}],"collection":[{"href":"http:\/\/shinyyoustationery.com\/pl\/wp-json\/wp\/v2\/product"}],"about":[{"href":"http:\/\/shinyyoustationery.com\/pl\/wp-json\/wp\/v2\/types\/product"}],"version-history":[{"count":0,"href":"http:\/\/shinyyoustationery.com\/pl\/wp-json\/wp\/v2\/product\/33796\/revisions"}],"wp:featuredmedia":[{"embeddable":true,"href":"http:\/\/shinyyoustationery.com\/pl\/wp-json\/wp\/v2\/media\/33798"}],"wp:attachment":[{"href":"http:\/\/shinyyoustationery.com\/pl\/wp-json\/wp\/v2\/media?parent=33796"}],"wp:term":[{"taxonomy":"product_brand","embeddable":true,"href":"http:\/\/shinyyoustationery.com\/pl\/wp-json\/wp\/v2\/product_brand?post=33796"},{"taxonomy":"product_cat","embeddable":true,"href":"http:\/\/shinyyoustationery.com\/pl\/wp-json\/wp\/v2\/product_cat?post=33796"},{"taxonomy":"product_tag","embeddable":true,"href":"http:\/\/shinyyoustationery.com\/pl\/wp-json\/wp\/v2\/product_tag?post=33796"}],"curies":[{"name":"wp","href":"https:\/\/api.w.org\/{rel}","templated":true}]}}