{"id":33801,"date":"2025-06-27T00:36:46","date_gmt":"2025-06-27T08:36:46","guid":{"rendered":"http:\/\/45.63.70.205\/?post_type=product&#038;p=33801"},"modified":"2025-06-27T00:40:52","modified_gmt":"2025-06-27T08:40:52","slug":"sparkly-pink-sequin-pencil-case-fun-and-shiny-hardtop-case-for-kids-teens-and-students","status":"publish","type":"product","link":"http:\/\/shinyyoustationery.com\/pl\/sparkly-pink-sequin-pencil-case-fun-and-shiny-hardtop-case-for-kids-teens-and-students\/","title":{"rendered":"B\u0142yszcz\u0105cy r\u00f3\u017cowy pi\u00f3rnik z cekinami - zabawny i b\u0142yszcz\u0105cy twardy pi\u00f3rnik dla dzieci, nastolatk\u00f3w i student\u00f3w"},"content":{"rendered":"","protected":false},"excerpt":{"rendered":"<p>Dodaj odrobin\u0119 blasku do swoich przybor\u00f3w szkolnych dzi\u0119ki temu <strong data-start=\"185\" data-end=\"220\">B\u0142yszcz\u0105cy r\u00f3\u017cowy pi\u00f3rnik z cekinami<\/strong>. To twarde etui z cekinami w \u017cywym r\u00f3\u017cowym kolorze z po\u0142yskuj\u0105cymi srebrnymi akcentami jest idealne do przechowywania d\u0142ugopis\u00f3w, o\u0142\u00f3wk\u00f3w i drobnych akcesori\u00f3w. Zabawny zamek b\u0142yskawiczny w kszta\u0142cie serca dodaje dodatkowego uroku, dzi\u0119ki czemu jest to idealny wyb\u00f3r dla dzieci, nastolatk\u00f3w lub ka\u017cdego, kto kocha odrobin\u0119 blasku. Idealne do szko\u0142y, w podr\u00f3\u017cy lub jako prezent, to etui zapewnia styl i funkcjonalno\u015b\u0107 codziennym niezb\u0119dnikom.<\/p>","protected":false},"featured_media":33803,"template":"","meta":[],"product_brand":[],"product_cat":[700,520],"product_tag":[],"class_list":{"0":"post-33801","1":"product","2":"type-product","3":"status-publish","4":"has-post-thumbnail","6":"product_cat-hot-pink-power-girl-collection","7":"product_cat-pencil-case-pouch","9":"first","10":"instock","11":"shipping-taxable","12":"product-type-simple"},"_links":{"self":[{"href":"http:\/\/shinyyoustationery.com\/pl\/wp-json\/wp\/v2\/product\/33801","targetHints":{"allow":["GET"]}}],"collection":[{"href":"http:\/\/shinyyoustationery.com\/pl\/wp-json\/wp\/v2\/product"}],"about":[{"href":"http:\/\/shinyyoustationery.com\/pl\/wp-json\/wp\/v2\/types\/product"}],"version-history":[{"count":0,"href":"http:\/\/shinyyoustationery.com\/pl\/wp-json\/wp\/v2\/product\/33801\/revisions"}],"wp:featuredmedia":[{"embeddable":true,"href":"http:\/\/shinyyoustationery.com\/pl\/wp-json\/wp\/v2\/media\/33803"}],"wp:attachment":[{"href":"http:\/\/shinyyoustationery.com\/pl\/wp-json\/wp\/v2\/media?parent=33801"}],"wp:term":[{"taxonomy":"product_brand","embeddable":true,"href":"http:\/\/shinyyoustationery.com\/pl\/wp-json\/wp\/v2\/product_brand?post=33801"},{"taxonomy":"product_cat","embeddable":true,"href":"http:\/\/shinyyoustationery.com\/pl\/wp-json\/wp\/v2\/product_cat?post=33801"},{"taxonomy":"product_tag","embeddable":true,"href":"http:\/\/shinyyoustationery.com\/pl\/wp-json\/wp\/v2\/product_tag?post=33801"}],"curies":[{"name":"wp","href":"https:\/\/api.w.org\/{rel}","templated":true}]}}