{"id":33806,"date":"2025-06-27T00:41:51","date_gmt":"2025-06-27T08:41:51","guid":{"rendered":"http:\/\/45.63.70.205\/?post_type=product&#038;p=33806"},"modified":"2025-06-27T00:53:02","modified_gmt":"2025-06-27T08:53:02","slug":"shiny-pink-croc-textured-pencil-case-stylish-zip-pouch-for-school-office-or-travel","status":"publish","type":"product","link":"http:\/\/shinyyoustationery.com\/pl\/shiny-pink-croc-textured-pencil-case-stylish-zip-pouch-for-school-office-or-travel\/","title":{"rendered":"B\u0142yszcz\u0105cy r\u00f3\u017cowy pi\u00f3rnik z tekstur\u0105 krokodyla - stylowe etui na suwak do szko\u0142y, biura lub podr\u00f3\u017cy"},"content":{"rendered":"","protected":false},"excerpt":{"rendered":"<p>To <strong data-start=\"129\" data-end=\"169\">B\u0142yszcz\u0105cy r\u00f3\u017cowy pi\u00f3rnik z tekstur\u0105 krokodyla<\/strong> jest idealna do dodania koloru i stylu do przybor\u00f3w szkolnych lub biurowych. To eleganckie etui z zamkiem b\u0142yskawicznym o b\u0142yszcz\u0105cej, krokodylej fakturze w jasnor\u00f3\u017cowym kolorze doskonale nadaje si\u0119 do przechowywania d\u0142ugopis\u00f3w, o\u0142\u00f3wk\u00f3w i drobnych akcesori\u00f3w. Kompaktowa i funkcjonalna, jest idealna dla student\u00f3w, profesjonalist\u00f3w lub ka\u017cdego, kto kocha eleganckie i modne akcesoria. Zar\u00f3wno do codziennego u\u017cytku, jak i w podr\u00f3\u017cy, to etui \u0142\u0105czy styl z praktyczno\u015bci\u0105.<\/p>","protected":false},"featured_media":33807,"template":"","meta":[],"product_brand":[],"product_cat":[700,520],"product_tag":[],"class_list":{"0":"post-33806","1":"product","2":"type-product","3":"status-publish","4":"has-post-thumbnail","6":"product_cat-hot-pink-power-girl-collection","7":"product_cat-pencil-case-pouch","9":"first","10":"instock","11":"shipping-taxable","12":"product-type-simple"},"_links":{"self":[{"href":"http:\/\/shinyyoustationery.com\/pl\/wp-json\/wp\/v2\/product\/33806","targetHints":{"allow":["GET"]}}],"collection":[{"href":"http:\/\/shinyyoustationery.com\/pl\/wp-json\/wp\/v2\/product"}],"about":[{"href":"http:\/\/shinyyoustationery.com\/pl\/wp-json\/wp\/v2\/types\/product"}],"version-history":[{"count":0,"href":"http:\/\/shinyyoustationery.com\/pl\/wp-json\/wp\/v2\/product\/33806\/revisions"}],"wp:featuredmedia":[{"embeddable":true,"href":"http:\/\/shinyyoustationery.com\/pl\/wp-json\/wp\/v2\/media\/33807"}],"wp:attachment":[{"href":"http:\/\/shinyyoustationery.com\/pl\/wp-json\/wp\/v2\/media?parent=33806"}],"wp:term":[{"taxonomy":"product_brand","embeddable":true,"href":"http:\/\/shinyyoustationery.com\/pl\/wp-json\/wp\/v2\/product_brand?post=33806"},{"taxonomy":"product_cat","embeddable":true,"href":"http:\/\/shinyyoustationery.com\/pl\/wp-json\/wp\/v2\/product_cat?post=33806"},{"taxonomy":"product_tag","embeddable":true,"href":"http:\/\/shinyyoustationery.com\/pl\/wp-json\/wp\/v2\/product_tag?post=33806"}],"curies":[{"name":"wp","href":"https:\/\/api.w.org\/{rel}","templated":true}]}}