{"id":33818,"date":"2025-06-27T01:06:38","date_gmt":"2025-06-27T09:06:38","guid":{"rendered":"http:\/\/45.63.70.205\/?post_type=product&#038;p=33818"},"modified":"2025-06-27T01:08:38","modified_gmt":"2025-06-27T09:08:38","slug":"glitter-pink-zipper-pencil-case-stylish-sparkling-case-for-school-office-or-travel","status":"publish","type":"product","link":"http:\/\/shinyyoustationery.com\/pl\/glitter-pink-zipper-pencil-case-stylish-sparkling-case-for-school-office-or-travel\/","title":{"rendered":"Pi\u00f3rnik na suwak Glitter Pink - stylowy, b\u0142yszcz\u0105cy pi\u00f3rnik do szko\u0142y, biura lub podr\u00f3\u017cy"},"content":{"rendered":"","protected":false},"excerpt":{"rendered":"<p>Dodaj troch\u0119 blasku swoim codziennym akcesoriom dzi\u0119ki temu <strong data-start=\"184\" data-end=\"219\">B\u0142yszcz\u0105cy r\u00f3\u017cowy pi\u00f3rnik na suwak<\/strong>. Ten elegancki i kompaktowy pi\u00f3rnik o b\u0142yszcz\u0105cej, teksturowanej r\u00f3\u017cowej obudowie doskonale nadaje si\u0119 do przechowywania d\u0142ugopis\u00f3w, o\u0142\u00f3wk\u00f3w i drobnych przedmiot\u00f3w. Idealny dla student\u00f3w, profesjonalist\u00f3w lub ka\u017cdego, kto kocha zabawne i funkcjonalne akcesoria. Niezale\u017cnie od tego, czy chodzi o szko\u0142\u0119, prac\u0119 czy podr\u00f3\u017c, to etui \u0142\u0105czy w sobie praktyczno\u015b\u0107 z \u017cywym stylem.<\/p>","protected":false},"featured_media":33819,"template":"","meta":[],"product_brand":[],"product_cat":[700,520],"product_tag":[],"class_list":{"0":"post-33818","1":"product","2":"type-product","3":"status-publish","4":"has-post-thumbnail","6":"product_cat-hot-pink-power-girl-collection","7":"product_cat-pencil-case-pouch","9":"first","10":"instock","11":"shipping-taxable","12":"product-type-simple"},"_links":{"self":[{"href":"http:\/\/shinyyoustationery.com\/pl\/wp-json\/wp\/v2\/product\/33818","targetHints":{"allow":["GET"]}}],"collection":[{"href":"http:\/\/shinyyoustationery.com\/pl\/wp-json\/wp\/v2\/product"}],"about":[{"href":"http:\/\/shinyyoustationery.com\/pl\/wp-json\/wp\/v2\/types\/product"}],"version-history":[{"count":0,"href":"http:\/\/shinyyoustationery.com\/pl\/wp-json\/wp\/v2\/product\/33818\/revisions"}],"wp:featuredmedia":[{"embeddable":true,"href":"http:\/\/shinyyoustationery.com\/pl\/wp-json\/wp\/v2\/media\/33819"}],"wp:attachment":[{"href":"http:\/\/shinyyoustationery.com\/pl\/wp-json\/wp\/v2\/media?parent=33818"}],"wp:term":[{"taxonomy":"product_brand","embeddable":true,"href":"http:\/\/shinyyoustationery.com\/pl\/wp-json\/wp\/v2\/product_brand?post=33818"},{"taxonomy":"product_cat","embeddable":true,"href":"http:\/\/shinyyoustationery.com\/pl\/wp-json\/wp\/v2\/product_cat?post=33818"},{"taxonomy":"product_tag","embeddable":true,"href":"http:\/\/shinyyoustationery.com\/pl\/wp-json\/wp\/v2\/product_tag?post=33818"}],"curies":[{"name":"wp","href":"https:\/\/api.w.org\/{rel}","templated":true}]}}