{"id":33823,"date":"2025-06-27T01:11:55","date_gmt":"2025-06-27T09:11:55","guid":{"rendered":"http:\/\/45.63.70.205\/?post_type=product&#038;p=33823"},"modified":"2025-06-27T01:13:31","modified_gmt":"2025-06-27T09:13:31","slug":"glitter-pink-felt-pencil-case-stylish-and-compact-case-for-school-office-or-travel","status":"publish","type":"product","link":"http:\/\/shinyyoustationery.com\/pl\/glitter-pink-felt-pencil-case-stylish-and-compact-case-for-school-office-or-travel\/","title":{"rendered":"Pi\u00f3rnik filcowy Glitter Pink - stylowy i kompaktowy pi\u00f3rnik do szko\u0142y, biura lub podr\u00f3\u017cy"},"content":{"rendered":"","protected":false},"excerpt":{"rendered":"<p>Dodaj blasku swojej kolekcji papeterii dzi\u0119ki temu <strong data-start=\"172\" data-end=\"205\">Pi\u00f3rnik filcowy brokatowy r\u00f3\u017cowy<\/strong>. G\u0142adka, filcowa obudowa z subtelnym brokatowym wyko\u0144czeniem dodaje blasku codziennym niezb\u0119dnikom. Idealne dla student\u00f3w, profesjonalist\u00f3w i ka\u017cdego, kto potrzebuje eleganckiego sposobu na uporz\u0105dkowanie d\u0142ugopis\u00f3w, o\u0142\u00f3wk\u00f3w i drobnych akcesori\u00f3w. Niezale\u017cnie od tego, czy jeste\u015b w szkole, biurze, czy w podr\u00f3\u017cy, to kompaktowe etui zapewnia zar\u00f3wno styl, jak i funkcjonalno\u015b\u0107 w jednym eleganckim opakowaniu.<\/p>","protected":false},"featured_media":33824,"template":"","meta":[],"product_brand":[],"product_cat":[700,520],"product_tag":[],"class_list":{"0":"post-33823","1":"product","2":"type-product","3":"status-publish","4":"has-post-thumbnail","6":"product_cat-hot-pink-power-girl-collection","7":"product_cat-pencil-case-pouch","9":"first","10":"instock","11":"shipping-taxable","12":"product-type-simple"},"_links":{"self":[{"href":"http:\/\/shinyyoustationery.com\/pl\/wp-json\/wp\/v2\/product\/33823","targetHints":{"allow":["GET"]}}],"collection":[{"href":"http:\/\/shinyyoustationery.com\/pl\/wp-json\/wp\/v2\/product"}],"about":[{"href":"http:\/\/shinyyoustationery.com\/pl\/wp-json\/wp\/v2\/types\/product"}],"version-history":[{"count":0,"href":"http:\/\/shinyyoustationery.com\/pl\/wp-json\/wp\/v2\/product\/33823\/revisions"}],"wp:featuredmedia":[{"embeddable":true,"href":"http:\/\/shinyyoustationery.com\/pl\/wp-json\/wp\/v2\/media\/33824"}],"wp:attachment":[{"href":"http:\/\/shinyyoustationery.com\/pl\/wp-json\/wp\/v2\/media?parent=33823"}],"wp:term":[{"taxonomy":"product_brand","embeddable":true,"href":"http:\/\/shinyyoustationery.com\/pl\/wp-json\/wp\/v2\/product_brand?post=33823"},{"taxonomy":"product_cat","embeddable":true,"href":"http:\/\/shinyyoustationery.com\/pl\/wp-json\/wp\/v2\/product_cat?post=33823"},{"taxonomy":"product_tag","embeddable":true,"href":"http:\/\/shinyyoustationery.com\/pl\/wp-json\/wp\/v2\/product_tag?post=33823"}],"curies":[{"name":"wp","href":"https:\/\/api.w.org\/{rel}","templated":true}]}}