{"id":33837,"date":"2025-06-27T01:29:58","date_gmt":"2025-06-27T09:29:58","guid":{"rendered":"http:\/\/45.63.70.205\/?post_type=product&#038;p=33837"},"modified":"2025-06-27T01:31:26","modified_gmt":"2025-06-27T09:31:26","slug":"iridescent-purple-pencil-case-shimmering-metallic-case-for-school-office-or-travel","status":"publish","type":"product","link":"http:\/\/shinyyoustationery.com\/pl\/iridescent-purple-pencil-case-shimmering-metallic-case-for-school-office-or-travel\/","title":{"rendered":"Opalizuj\u0105cy fioletowy pi\u00f3rnik - po\u0142yskuj\u0105cy metaliczny pi\u00f3rnik do szko\u0142y, biura lub podr\u00f3\u017cy"},"content":{"rendered":"","protected":false},"excerpt":{"rendered":"<p data-start=\"105\" data-end=\"578\">Dodaj odrobin\u0119 blasku do swojej kolekcji papeterii dzi\u0119ki temu zestawowi <strong data-start=\"187\" data-end=\"220\">Opalizuj\u0105cy fioletowy pi\u00f3rnik<\/strong>. To eleganckie etui z \u017cywym, metalicznym wyko\u0144czeniem jest idealne do przechowywania d\u0142ugopis\u00f3w, o\u0142\u00f3wk\u00f3w i innych drobnych przedmiot\u00f3w. Unikalny opalizuj\u0105cy efekt nadaje mu stylowy i nowoczesny wygl\u0105d, dzi\u0119ki czemu jest idealny dla student\u00f3w, profesjonalist\u00f3w i ka\u017cdego, kto kocha odrobin\u0119 blasku. Niezale\u017cnie od tego, czy chodzi o szko\u0142\u0119, biuro, czy w podr\u00f3\u017cy, to etui oferuje zar\u00f3wno pi\u0119kno, jak i funkcjonalno\u015b\u0107.<\/p>","protected":false},"featured_media":33838,"template":"","meta":[],"product_brand":[],"product_cat":[700,520],"product_tag":[],"class_list":{"0":"post-33837","1":"product","2":"type-product","3":"status-publish","4":"has-post-thumbnail","6":"product_cat-hot-pink-power-girl-collection","7":"product_cat-pencil-case-pouch","9":"first","10":"instock","11":"shipping-taxable","12":"product-type-simple"},"_links":{"self":[{"href":"http:\/\/shinyyoustationery.com\/pl\/wp-json\/wp\/v2\/product\/33837","targetHints":{"allow":["GET"]}}],"collection":[{"href":"http:\/\/shinyyoustationery.com\/pl\/wp-json\/wp\/v2\/product"}],"about":[{"href":"http:\/\/shinyyoustationery.com\/pl\/wp-json\/wp\/v2\/types\/product"}],"version-history":[{"count":0,"href":"http:\/\/shinyyoustationery.com\/pl\/wp-json\/wp\/v2\/product\/33837\/revisions"}],"wp:featuredmedia":[{"embeddable":true,"href":"http:\/\/shinyyoustationery.com\/pl\/wp-json\/wp\/v2\/media\/33838"}],"wp:attachment":[{"href":"http:\/\/shinyyoustationery.com\/pl\/wp-json\/wp\/v2\/media?parent=33837"}],"wp:term":[{"taxonomy":"product_brand","embeddable":true,"href":"http:\/\/shinyyoustationery.com\/pl\/wp-json\/wp\/v2\/product_brand?post=33837"},{"taxonomy":"product_cat","embeddable":true,"href":"http:\/\/shinyyoustationery.com\/pl\/wp-json\/wp\/v2\/product_cat?post=33837"},{"taxonomy":"product_tag","embeddable":true,"href":"http:\/\/shinyyoustationery.com\/pl\/wp-json\/wp\/v2\/product_tag?post=33837"}],"curies":[{"name":"wp","href":"https:\/\/api.w.org\/{rel}","templated":true}]}}