{"id":33846,"date":"2025-06-27T02:13:23","date_gmt":"2025-06-27T10:13:23","guid":{"rendered":"http:\/\/45.63.70.205\/?post_type=product&#038;p=33846"},"modified":"2025-06-27T02:16:46","modified_gmt":"2025-06-27T10:16:46","slug":"iridescent-purple-pencil-case-stylish-zippered-pouch-for-school-office","status":"publish","type":"product","link":"http:\/\/shinyyoustationery.com\/pl\/iridescent-purple-pencil-case-stylish-zippered-pouch-for-school-office\/","title":{"rendered":"Opalizuj\u0105cy fioletowy pi\u00f3rnik - stylowe etui na suwak do szko\u0142y i biura"},"content":{"rendered":"","protected":false},"excerpt":{"rendered":"<p data-start=\"105\" data-end=\"578\">Dodaj odrobin\u0119 blasku i stylu dzi\u0119ki temu <strong data-start=\"176\" data-end=\"209\">Opalizuj\u0105cy fioletowy pi\u00f3rnik<\/strong>. Dzi\u0119ki przyci\u0105gaj\u0105cemu wzrok metalicznemu fioletowemu wyko\u0144czeniu i eleganckiej, kompaktowej konstrukcji, to etui jest idealne do organizowania d\u0142ugopis\u00f3w, o\u0142\u00f3wk\u00f3w i innych ma\u0142ych akcesori\u00f3w. Idealne dla student\u00f3w, profesjonalist\u00f3w lub ka\u017cdego, kto kocha odrobin\u0119 koloru i blasku w swoich codziennych niezb\u0119dnikach. Niezale\u017cnie od tego, czy chodzi o szko\u0142\u0119, prac\u0119 czy podr\u00f3\u017c, to \u017cywe etui zapewnia bezpiecze\u0144stwo i \u0142atwy dost\u0119p do przedmiot\u00f3w.<\/p>","protected":false},"featured_media":33847,"template":"","meta":[],"product_brand":[],"product_cat":[700,520],"product_tag":[],"class_list":{"0":"post-33846","1":"product","2":"type-product","3":"status-publish","4":"has-post-thumbnail","6":"product_cat-hot-pink-power-girl-collection","7":"product_cat-pencil-case-pouch","9":"first","10":"instock","11":"shipping-taxable","12":"product-type-simple"},"_links":{"self":[{"href":"http:\/\/shinyyoustationery.com\/pl\/wp-json\/wp\/v2\/product\/33846","targetHints":{"allow":["GET"]}}],"collection":[{"href":"http:\/\/shinyyoustationery.com\/pl\/wp-json\/wp\/v2\/product"}],"about":[{"href":"http:\/\/shinyyoustationery.com\/pl\/wp-json\/wp\/v2\/types\/product"}],"version-history":[{"count":0,"href":"http:\/\/shinyyoustationery.com\/pl\/wp-json\/wp\/v2\/product\/33846\/revisions"}],"wp:featuredmedia":[{"embeddable":true,"href":"http:\/\/shinyyoustationery.com\/pl\/wp-json\/wp\/v2\/media\/33847"}],"wp:attachment":[{"href":"http:\/\/shinyyoustationery.com\/pl\/wp-json\/wp\/v2\/media?parent=33846"}],"wp:term":[{"taxonomy":"product_brand","embeddable":true,"href":"http:\/\/shinyyoustationery.com\/pl\/wp-json\/wp\/v2\/product_brand?post=33846"},{"taxonomy":"product_cat","embeddable":true,"href":"http:\/\/shinyyoustationery.com\/pl\/wp-json\/wp\/v2\/product_cat?post=33846"},{"taxonomy":"product_tag","embeddable":true,"href":"http:\/\/shinyyoustationery.com\/pl\/wp-json\/wp\/v2\/product_tag?post=33846"}],"curies":[{"name":"wp","href":"https:\/\/api.w.org\/{rel}","templated":true}]}}