{"id":33851,"date":"2025-06-27T02:16:58","date_gmt":"2025-06-27T10:16:58","guid":{"rendered":"http:\/\/45.63.70.205\/?post_type=product&#038;p=33851"},"modified":"2025-06-27T02:20:41","modified_gmt":"2025-06-27T10:20:41","slug":"shimmering-purple-pencil-case-sleek-and-stylish-organizer-for-school-office","status":"publish","type":"product","link":"http:\/\/shinyyoustationery.com\/pl\/shimmering-purple-pencil-case-sleek-and-stylish-organizer-for-school-office\/","title":{"rendered":"Po\u0142yskuj\u0105cy fioletowy pi\u00f3rnik - elegancki i stylowy organizer do szko\u0142y i biura"},"content":{"rendered":"","protected":false},"excerpt":{"rendered":"<p data-start=\"105\" data-end=\"578\">To <strong data-start=\"132\" data-end=\"165\">Po\u0142yskuj\u0105cy fioletowy pi\u00f3rnik<\/strong> wnosi metaliczny kolor do kolekcji artyku\u0142\u00f3w pi\u015bmiennych. Dzi\u0119ki g\u0142adkiemu, opalizuj\u0105cemu wyko\u0144czeniu jest to idealne akcesorium do przechowywania d\u0142ugopis\u00f3w, o\u0142\u00f3wk\u00f3w i drobnych akcesori\u00f3w. Kompaktowy i wytrzyma\u0142y, jest idealny dla student\u00f3w, profesjonalist\u00f3w i ka\u017cdego, kto lubi stylowe, funkcjonalne rozwi\u0105zanie do przechowywania. Niezale\u017cnie od tego, czy chodzi o szko\u0142\u0119, biuro czy podr\u00f3\u017c, ten pi\u00f3rnik oferuje zar\u00f3wno elegancj\u0119, jak i praktyczno\u015b\u0107 w jednym eleganckim opakowaniu.<\/p>","protected":false},"featured_media":33852,"template":"","meta":[],"product_brand":[],"product_cat":[700,520],"product_tag":[],"class_list":{"0":"post-33851","1":"product","2":"type-product","3":"status-publish","4":"has-post-thumbnail","6":"product_cat-hot-pink-power-girl-collection","7":"product_cat-pencil-case-pouch","9":"first","10":"instock","11":"shipping-taxable","12":"product-type-simple"},"_links":{"self":[{"href":"http:\/\/shinyyoustationery.com\/pl\/wp-json\/wp\/v2\/product\/33851","targetHints":{"allow":["GET"]}}],"collection":[{"href":"http:\/\/shinyyoustationery.com\/pl\/wp-json\/wp\/v2\/product"}],"about":[{"href":"http:\/\/shinyyoustationery.com\/pl\/wp-json\/wp\/v2\/types\/product"}],"version-history":[{"count":0,"href":"http:\/\/shinyyoustationery.com\/pl\/wp-json\/wp\/v2\/product\/33851\/revisions"}],"wp:featuredmedia":[{"embeddable":true,"href":"http:\/\/shinyyoustationery.com\/pl\/wp-json\/wp\/v2\/media\/33852"}],"wp:attachment":[{"href":"http:\/\/shinyyoustationery.com\/pl\/wp-json\/wp\/v2\/media?parent=33851"}],"wp:term":[{"taxonomy":"product_brand","embeddable":true,"href":"http:\/\/shinyyoustationery.com\/pl\/wp-json\/wp\/v2\/product_brand?post=33851"},{"taxonomy":"product_cat","embeddable":true,"href":"http:\/\/shinyyoustationery.com\/pl\/wp-json\/wp\/v2\/product_cat?post=33851"},{"taxonomy":"product_tag","embeddable":true,"href":"http:\/\/shinyyoustationery.com\/pl\/wp-json\/wp\/v2\/product_tag?post=33851"}],"curies":[{"name":"wp","href":"https:\/\/api.w.org\/{rel}","templated":true}]}}