{"id":33857,"date":"2025-06-27T02:26:22","date_gmt":"2025-06-27T10:26:22","guid":{"rendered":"http:\/\/45.63.70.205\/?post_type=product&#038;p=33857"},"modified":"2025-06-27T02:29:18","modified_gmt":"2025-06-27T10:29:18","slug":"shiny-purple-pencil-case-sleek-compact-organizer-for-school-office-or-travel","status":"publish","type":"product","link":"http:\/\/shinyyoustationery.com\/pl\/shiny-purple-pencil-case-sleek-compact-organizer-for-school-office-or-travel\/","title":{"rendered":"B\u0142yszcz\u0105cy fioletowy pi\u00f3rnik - elegancki, kompaktowy organizer do szko\u0142y, biura lub podr\u00f3\u017cy"},"content":{"rendered":"","protected":false},"excerpt":{"rendered":"<p data-start=\"105\" data-end=\"578\">Uporz\u0105dkuj swoje niezb\u0119dne rzeczy za pomoc\u0105 tego <strong data-start=\"154\" data-end=\"182\">B\u0142yszcz\u0105cy fioletowy pi\u00f3rnik<\/strong>o stylowym metalicznym wyko\u0144czeniu. Idealne do przechowywania d\u0142ugopis\u00f3w, o\u0142\u00f3wk\u00f3w i drobnych akcesori\u00f3w, to kompaktowe etui jest idealne dla student\u00f3w, profesjonalist\u00f3w i ka\u017cdego, kto jest w podr\u00f3\u017cy. Elegancka konstrukcja i \u017cywy kolor sprawiaj\u0105, \u017ce jest to zabawny i funkcjonalny dodatek do codziennych przybor\u00f3w, niezale\u017cnie od tego, czy jeste\u015b w szkole, biurze czy w podr\u00f3\u017cy.<\/p>","protected":false},"featured_media":33858,"template":"","meta":[],"product_brand":[],"product_cat":[700,520],"product_tag":[],"class_list":{"0":"post-33857","1":"product","2":"type-product","3":"status-publish","4":"has-post-thumbnail","6":"product_cat-hot-pink-power-girl-collection","7":"product_cat-pencil-case-pouch","9":"first","10":"instock","11":"shipping-taxable","12":"product-type-simple"},"_links":{"self":[{"href":"http:\/\/shinyyoustationery.com\/pl\/wp-json\/wp\/v2\/product\/33857","targetHints":{"allow":["GET"]}}],"collection":[{"href":"http:\/\/shinyyoustationery.com\/pl\/wp-json\/wp\/v2\/product"}],"about":[{"href":"http:\/\/shinyyoustationery.com\/pl\/wp-json\/wp\/v2\/types\/product"}],"version-history":[{"count":0,"href":"http:\/\/shinyyoustationery.com\/pl\/wp-json\/wp\/v2\/product\/33857\/revisions"}],"wp:featuredmedia":[{"embeddable":true,"href":"http:\/\/shinyyoustationery.com\/pl\/wp-json\/wp\/v2\/media\/33858"}],"wp:attachment":[{"href":"http:\/\/shinyyoustationery.com\/pl\/wp-json\/wp\/v2\/media?parent=33857"}],"wp:term":[{"taxonomy":"product_brand","embeddable":true,"href":"http:\/\/shinyyoustationery.com\/pl\/wp-json\/wp\/v2\/product_brand?post=33857"},{"taxonomy":"product_cat","embeddable":true,"href":"http:\/\/shinyyoustationery.com\/pl\/wp-json\/wp\/v2\/product_cat?post=33857"},{"taxonomy":"product_tag","embeddable":true,"href":"http:\/\/shinyyoustationery.com\/pl\/wp-json\/wp\/v2\/product_tag?post=33857"}],"curies":[{"name":"wp","href":"https:\/\/api.w.org\/{rel}","templated":true}]}}