{"id":33862,"date":"2025-06-27T02:32:01","date_gmt":"2025-06-27T10:32:01","guid":{"rendered":"http:\/\/45.63.70.205\/?post_type=product&#038;p=33862"},"modified":"2025-06-27T02:39:31","modified_gmt":"2025-06-27T10:39:31","slug":"glossy-purple-pencil-case-sleek-and-vibrant-organizer-for-school-office-or-travel","status":"publish","type":"product","link":"http:\/\/shinyyoustationery.com\/pl\/glossy-purple-pencil-case-sleek-and-vibrant-organizer-for-school-office-or-travel\/","title":{"rendered":"B\u0142yszcz\u0105cy fioletowy pi\u00f3rnik - elegancki i \u017cywy organizer do szko\u0142y, biura lub podr\u00f3\u017cy"},"content":{"rendered":"","protected":false},"excerpt":{"rendered":"<p data-start=\"105\" data-end=\"578\">To <strong data-start=\"128\" data-end=\"157\">B\u0142yszcz\u0105cy fioletowy pi\u00f3rnik<\/strong> jest idealny do przechowywania niezb\u0119dnych przybor\u00f3w szkolnych, biurowych lub podr\u00f3\u017cnych. B\u0142yszcz\u0105ce, metaliczne wyko\u0144czenie dodaje odrobin\u0119 nowoczesnego stylu, a kompaktowa konstrukcja sprawia, \u017ce idealnie nadaje si\u0119 do przechowywania d\u0142ugopis\u00f3w, o\u0142\u00f3wk\u00f3w i drobnych akcesori\u00f3w. Niezale\u017cnie od tego, czy jeste\u015b studentem, profesjonalist\u0105 czy podr\u00f3\u017cnikiem, ten \u017cywy pi\u00f3rnik jest zar\u00f3wno praktyczny, jak i stylowy, zapewniaj\u0105c bezpiecze\u0144stwo i \u0142atwy dost\u0119p do przedmiot\u00f3w.<\/p>","protected":false},"featured_media":33863,"template":"","meta":[],"product_brand":[],"product_cat":[700,520],"product_tag":[],"class_list":{"0":"post-33862","1":"product","2":"type-product","3":"status-publish","4":"has-post-thumbnail","6":"product_cat-hot-pink-power-girl-collection","7":"product_cat-pencil-case-pouch","9":"first","10":"instock","11":"shipping-taxable","12":"product-type-simple"},"_links":{"self":[{"href":"http:\/\/shinyyoustationery.com\/pl\/wp-json\/wp\/v2\/product\/33862","targetHints":{"allow":["GET"]}}],"collection":[{"href":"http:\/\/shinyyoustationery.com\/pl\/wp-json\/wp\/v2\/product"}],"about":[{"href":"http:\/\/shinyyoustationery.com\/pl\/wp-json\/wp\/v2\/types\/product"}],"version-history":[{"count":0,"href":"http:\/\/shinyyoustationery.com\/pl\/wp-json\/wp\/v2\/product\/33862\/revisions"}],"wp:featuredmedia":[{"embeddable":true,"href":"http:\/\/shinyyoustationery.com\/pl\/wp-json\/wp\/v2\/media\/33863"}],"wp:attachment":[{"href":"http:\/\/shinyyoustationery.com\/pl\/wp-json\/wp\/v2\/media?parent=33862"}],"wp:term":[{"taxonomy":"product_brand","embeddable":true,"href":"http:\/\/shinyyoustationery.com\/pl\/wp-json\/wp\/v2\/product_brand?post=33862"},{"taxonomy":"product_cat","embeddable":true,"href":"http:\/\/shinyyoustationery.com\/pl\/wp-json\/wp\/v2\/product_cat?post=33862"},{"taxonomy":"product_tag","embeddable":true,"href":"http:\/\/shinyyoustationery.com\/pl\/wp-json\/wp\/v2\/product_tag?post=33862"}],"curies":[{"name":"wp","href":"https:\/\/api.w.org\/{rel}","templated":true}]}}