{"id":33866,"date":"2025-06-27T02:39:47","date_gmt":"2025-06-27T10:39:47","guid":{"rendered":"http:\/\/45.63.70.205\/?post_type=product&#038;p=33866"},"modified":"2025-06-27T02:42:51","modified_gmt":"2025-06-27T10:42:51","slug":"glossy-purple-pencil-case-sleek-organizer-for-school-office-or-travel","status":"publish","type":"product","link":"http:\/\/shinyyoustationery.com\/pl\/glossy-purple-pencil-case-sleek-organizer-for-school-office-or-travel\/","title":{"rendered":"B\u0142yszcz\u0105cy fioletowy pi\u00f3rnik - elegancki organizer do szko\u0142y, biura lub podr\u00f3\u017cy"},"content":{"rendered":"","protected":false},"excerpt":{"rendered":"<p data-start=\"105\" data-end=\"578\">To <strong data-start=\"127\" data-end=\"156\">B\u0142yszcz\u0105cy fioletowy pi\u00f3rnik<\/strong> ma \u017cywe, b\u0142yszcz\u0105ce wyko\u0144czenie, dzi\u0119ki czemu jest stylowym dodatkiem do codziennych niezb\u0119dnych rzeczy. Jego kompaktowa konstrukcja jest idealna do przechowywania d\u0142ugopis\u00f3w, o\u0142\u00f3wk\u00f3w i innych ma\u0142ych przedmiot\u00f3w w uporz\u0105dkowany spos\u00f3b, niezale\u017cnie od tego, czy jeste\u015b w szkole, biurze, czy w podr\u00f3\u017cy. Dzi\u0119ki wytrzyma\u0142emu zamkowi b\u0142yskawicznemu i przyci\u0105gaj\u0105cemu wzrok kolorowi, jest idealny dla student\u00f3w, profesjonalist\u00f3w lub ka\u017cdego, kto chce doda\u0107 pop koloru do swoich akcesori\u00f3w.<\/p>","protected":false},"featured_media":33867,"template":"","meta":[],"product_brand":[],"product_cat":[700,520],"product_tag":[],"class_list":{"0":"post-33866","1":"product","2":"type-product","3":"status-publish","4":"has-post-thumbnail","6":"product_cat-hot-pink-power-girl-collection","7":"product_cat-pencil-case-pouch","9":"first","10":"instock","11":"shipping-taxable","12":"product-type-simple"},"_links":{"self":[{"href":"http:\/\/shinyyoustationery.com\/pl\/wp-json\/wp\/v2\/product\/33866","targetHints":{"allow":["GET"]}}],"collection":[{"href":"http:\/\/shinyyoustationery.com\/pl\/wp-json\/wp\/v2\/product"}],"about":[{"href":"http:\/\/shinyyoustationery.com\/pl\/wp-json\/wp\/v2\/types\/product"}],"version-history":[{"count":0,"href":"http:\/\/shinyyoustationery.com\/pl\/wp-json\/wp\/v2\/product\/33866\/revisions"}],"wp:featuredmedia":[{"embeddable":true,"href":"http:\/\/shinyyoustationery.com\/pl\/wp-json\/wp\/v2\/media\/33867"}],"wp:attachment":[{"href":"http:\/\/shinyyoustationery.com\/pl\/wp-json\/wp\/v2\/media?parent=33866"}],"wp:term":[{"taxonomy":"product_brand","embeddable":true,"href":"http:\/\/shinyyoustationery.com\/pl\/wp-json\/wp\/v2\/product_brand?post=33866"},{"taxonomy":"product_cat","embeddable":true,"href":"http:\/\/shinyyoustationery.com\/pl\/wp-json\/wp\/v2\/product_cat?post=33866"},{"taxonomy":"product_tag","embeddable":true,"href":"http:\/\/shinyyoustationery.com\/pl\/wp-json\/wp\/v2\/product_tag?post=33866"}],"curies":[{"name":"wp","href":"https:\/\/api.w.org\/{rel}","templated":true}]}}