{"id":33881,"date":"2025-06-27T02:51:39","date_gmt":"2025-06-27T10:51:39","guid":{"rendered":"http:\/\/45.63.70.205\/?post_type=product&#038;p=33881"},"modified":"2025-07-07T16:52:56","modified_gmt":"2025-07-07T08:52:56","slug":"pink-safety-scissors-for-kids-crafts","status":"publish","type":"product","link":"http:\/\/shinyyoustationery.com\/pl\/pink-safety-scissors-for-kids-crafts\/","title":{"rendered":"R\u00f3\u017cowe no\u017cyczki bezpieczne dla dzieci i r\u0119kodzie\u0142a"},"content":{"rendered":"","protected":false},"excerpt":{"rendered":"<p data-start=\"105\" data-end=\"578\">Elegancki i stylowy fioletowy pi\u00f3rnik przeznaczony do codziennego u\u017cytku. Idealne zar\u00f3wno dla student\u00f3w, jak i profesjonalist\u00f3w, etui to pozwala uporz\u0105dkowa\u0107 d\u0142ugopisy, o\u0142\u00f3wki i inne drobne akcesoria, jednocze\u015bnie dodaj\u0105c odrobin\u0119 koloru do miejsca pracy. Idealny do szko\u0142y, biura lub podr\u00f3\u017cy!<\/p>","protected":false},"featured_media":33882,"template":"","meta":[],"product_brand":[],"product_cat":[700,397,425],"product_tag":[],"class_list":{"0":"post-33881","1":"product","2":"type-product","3":"status-publish","4":"has-post-thumbnail","6":"product_cat-hot-pink-power-girl-collection","7":"product_cat-basic-office-stationery","8":"product_cat-scissor","10":"first","11":"instock","12":"shipping-taxable","13":"product-type-simple"},"_links":{"self":[{"href":"http:\/\/shinyyoustationery.com\/pl\/wp-json\/wp\/v2\/product\/33881","targetHints":{"allow":["GET"]}}],"collection":[{"href":"http:\/\/shinyyoustationery.com\/pl\/wp-json\/wp\/v2\/product"}],"about":[{"href":"http:\/\/shinyyoustationery.com\/pl\/wp-json\/wp\/v2\/types\/product"}],"version-history":[{"count":0,"href":"http:\/\/shinyyoustationery.com\/pl\/wp-json\/wp\/v2\/product\/33881\/revisions"}],"wp:featuredmedia":[{"embeddable":true,"href":"http:\/\/shinyyoustationery.com\/pl\/wp-json\/wp\/v2\/media\/33882"}],"wp:attachment":[{"href":"http:\/\/shinyyoustationery.com\/pl\/wp-json\/wp\/v2\/media?parent=33881"}],"wp:term":[{"taxonomy":"product_brand","embeddable":true,"href":"http:\/\/shinyyoustationery.com\/pl\/wp-json\/wp\/v2\/product_brand?post=33881"},{"taxonomy":"product_cat","embeddable":true,"href":"http:\/\/shinyyoustationery.com\/pl\/wp-json\/wp\/v2\/product_cat?post=33881"},{"taxonomy":"product_tag","embeddable":true,"href":"http:\/\/shinyyoustationery.com\/pl\/wp-json\/wp\/v2\/product_tag?post=33881"}],"curies":[{"name":"wp","href":"https:\/\/api.w.org\/{rel}","templated":true}]}}