{"id":33885,"date":"2025-06-27T03:13:02","date_gmt":"2025-06-27T11:13:02","guid":{"rendered":"http:\/\/45.63.70.205\/?post_type=product&#038;p=33885"},"modified":"2025-07-07T15:19:14","modified_gmt":"2025-07-07T07:19:14","slug":"pink-metallic-padded-pencil-case-stylish-durable-and-perfect-for-school","status":"publish","type":"product","link":"http:\/\/shinyyoustationery.com\/pl\/pink-metallic-padded-pencil-case-stylish-durable-and-perfect-for-school\/","title":{"rendered":"R\u00f3\u017cowy metaliczny wy\u015bcie\u0142any pi\u00f3rnik - stylowy, trwa\u0142y i idealny do szko\u0142y"},"content":{"rendered":"","protected":false},"excerpt":{"rendered":"<p data-start=\"105\" data-end=\"578\">Ten modny r\u00f3\u017cowy metaliczny pi\u00f3rnik ma pikowan\u0105, wy\u015bcie\u0142an\u0105 konstrukcj\u0119, kt\u00f3ra dodaje odrobin\u0119 stylu, jednocze\u015bnie chroni\u0105c artyku\u0142y pi\u015bmiennicze. Idealny dla student\u00f3w i m\u0142odych profesjonalist\u00f3w, zapewnia \u0142atwy dost\u0119p i bezpieczne przechowywanie d\u0142ugopis\u00f3w, o\u0142\u00f3wk\u00f3w i innych ma\u0142ych przedmiot\u00f3w. Jasny kolor i elegancki design sprawiaj\u0105, \u017ce jest idealny dla ka\u017cdego, kto chce doda\u0107 odrobin\u0119 koloru do swoich przybor\u00f3w szkolnych lub biurowych. \u015awietny prezent na powr\u00f3t do szko\u0142y lub jako zabawne akcesorium biurowe!<\/p>","protected":false},"featured_media":33886,"template":"","meta":[],"product_brand":[],"product_cat":[700,477,520],"product_tag":[],"class_list":{"0":"post-33885","1":"product","2":"type-product","3":"status-publish","4":"has-post-thumbnail","6":"product_cat-hot-pink-power-girl-collection","7":"product_cat-school-bags","8":"product_cat-pencil-case-pouch","10":"first","11":"instock","12":"shipping-taxable","13":"product-type-simple"},"_links":{"self":[{"href":"http:\/\/shinyyoustationery.com\/pl\/wp-json\/wp\/v2\/product\/33885","targetHints":{"allow":["GET"]}}],"collection":[{"href":"http:\/\/shinyyoustationery.com\/pl\/wp-json\/wp\/v2\/product"}],"about":[{"href":"http:\/\/shinyyoustationery.com\/pl\/wp-json\/wp\/v2\/types\/product"}],"version-history":[{"count":0,"href":"http:\/\/shinyyoustationery.com\/pl\/wp-json\/wp\/v2\/product\/33885\/revisions"}],"wp:featuredmedia":[{"embeddable":true,"href":"http:\/\/shinyyoustationery.com\/pl\/wp-json\/wp\/v2\/media\/33886"}],"wp:attachment":[{"href":"http:\/\/shinyyoustationery.com\/pl\/wp-json\/wp\/v2\/media?parent=33885"}],"wp:term":[{"taxonomy":"product_brand","embeddable":true,"href":"http:\/\/shinyyoustationery.com\/pl\/wp-json\/wp\/v2\/product_brand?post=33885"},{"taxonomy":"product_cat","embeddable":true,"href":"http:\/\/shinyyoustationery.com\/pl\/wp-json\/wp\/v2\/product_cat?post=33885"},{"taxonomy":"product_tag","embeddable":true,"href":"http:\/\/shinyyoustationery.com\/pl\/wp-json\/wp\/v2\/product_tag?post=33885"}],"curies":[{"name":"wp","href":"https:\/\/api.w.org\/{rel}","templated":true}]}}