{"id":33893,"date":"2025-06-27T03:18:38","date_gmt":"2025-06-27T11:18:38","guid":{"rendered":"http:\/\/45.63.70.205\/?post_type=product&#038;p=33893"},"modified":"2025-07-07T15:19:02","modified_gmt":"2025-07-07T07:19:02","slug":"sparkling-purple-glitter-pencil-case-for-kids-students","status":"publish","type":"product","link":"http:\/\/shinyyoustationery.com\/pl\/sparkling-purple-glitter-pencil-case-for-kids-students\/","title":{"rendered":"B\u0142yszcz\u0105cy fioletowy brokatowy pi\u00f3rnik dla dzieci i student\u00f3w"},"content":{"rendered":"","protected":false},"excerpt":{"rendered":"<p data-start=\"105\" data-end=\"578\">Dodaj odrobin\u0119 blasku do swoich przybor\u00f3w szkolnych dzi\u0119ki temu fioletowemu pi\u00f3rnikowi z brokatem. Idealny dla student\u00f3w i kreatywnych dzieci, jego mieni\u0105ca si\u0119 obudowa sprawia, \u017ce jest to nie tylko funkcjonalne rozwi\u0105zanie do przechowywania, ale tak\u017ce zabawny dodatek, kt\u00f3ry rozja\u015bni Tw\u00f3j plecak. Idealny do organizowania d\u0142ugopis\u00f3w, o\u0142\u00f3wk\u00f3w i innych niezb\u0119dnych artyku\u0142\u00f3w pi\u015bmiennych.<\/p>","protected":false},"featured_media":33894,"template":"","meta":[],"product_brand":[],"product_cat":[700,477,520],"product_tag":[],"class_list":{"0":"post-33893","1":"product","2":"type-product","3":"status-publish","4":"has-post-thumbnail","6":"product_cat-hot-pink-power-girl-collection","7":"product_cat-school-bags","8":"product_cat-pencil-case-pouch","10":"first","11":"instock","12":"shipping-taxable","13":"product-type-simple"},"_links":{"self":[{"href":"http:\/\/shinyyoustationery.com\/pl\/wp-json\/wp\/v2\/product\/33893","targetHints":{"allow":["GET"]}}],"collection":[{"href":"http:\/\/shinyyoustationery.com\/pl\/wp-json\/wp\/v2\/product"}],"about":[{"href":"http:\/\/shinyyoustationery.com\/pl\/wp-json\/wp\/v2\/types\/product"}],"version-history":[{"count":0,"href":"http:\/\/shinyyoustationery.com\/pl\/wp-json\/wp\/v2\/product\/33893\/revisions"}],"wp:featuredmedia":[{"embeddable":true,"href":"http:\/\/shinyyoustationery.com\/pl\/wp-json\/wp\/v2\/media\/33894"}],"wp:attachment":[{"href":"http:\/\/shinyyoustationery.com\/pl\/wp-json\/wp\/v2\/media?parent=33893"}],"wp:term":[{"taxonomy":"product_brand","embeddable":true,"href":"http:\/\/shinyyoustationery.com\/pl\/wp-json\/wp\/v2\/product_brand?post=33893"},{"taxonomy":"product_cat","embeddable":true,"href":"http:\/\/shinyyoustationery.com\/pl\/wp-json\/wp\/v2\/product_cat?post=33893"},{"taxonomy":"product_tag","embeddable":true,"href":"http:\/\/shinyyoustationery.com\/pl\/wp-json\/wp\/v2\/product_tag?post=33893"}],"curies":[{"name":"wp","href":"https:\/\/api.w.org\/{rel}","templated":true}]}}