{"id":33897,"date":"2025-06-27T03:27:12","date_gmt":"2025-06-27T11:27:12","guid":{"rendered":"http:\/\/45.63.70.205\/?post_type=product&#038;p=33897"},"modified":"2025-07-07T15:18:54","modified_gmt":"2025-07-07T07:18:54","slug":"fun-pink-cactus-shaped-pencil-case-perfect-for-kids-students","status":"publish","type":"product","link":"http:\/\/shinyyoustationery.com\/pl\/fun-pink-cactus-shaped-pencil-case-perfect-for-kids-students\/","title":{"rendered":"Zabawny r\u00f3\u017cowy pi\u00f3rnik w kszta\u0142cie kaktusa - idealny dla dzieci i student\u00f3w"},"content":{"rendered":"","protected":false},"excerpt":{"rendered":"<p>Ten zabawny <strong data-start=\"111\" data-end=\"145\">R\u00f3\u017cowy pi\u00f3rnik w kszta\u0142cie kaktusa<\/strong> jest idealny dla dzieci i student\u00f3w, kt\u00f3rzy chc\u0105 doda\u0107 troch\u0119 zabawy do swoich przybor\u00f3w szkolnych. Jego unikalny design, wraz z suwakiem w kszta\u0142cie ramienia kaktusa, sprawia, \u017ce jest to zar\u00f3wno funkcjonalne, jak i kapry\u015bne akcesorium do organizowania d\u0142ugopis\u00f3w, o\u0142\u00f3wk\u00f3w i innych ma\u0142ych artyku\u0142\u00f3w pi\u015bmiennych. Idealny do szko\u0142y lub kreatywnych zaj\u0119\u0107, ten uroczy pi\u00f3rnik jest niezb\u0119dny dla ka\u017cdego, kto kocha dziwaczne, kolorowe przedmioty.<\/p>","protected":false},"featured_media":33899,"template":"","meta":[],"product_brand":[],"product_cat":[700,477,520],"product_tag":[],"class_list":{"0":"post-33897","1":"product","2":"type-product","3":"status-publish","4":"has-post-thumbnail","6":"product_cat-hot-pink-power-girl-collection","7":"product_cat-school-bags","8":"product_cat-pencil-case-pouch","10":"first","11":"instock","12":"shipping-taxable","13":"product-type-simple"},"_links":{"self":[{"href":"http:\/\/shinyyoustationery.com\/pl\/wp-json\/wp\/v2\/product\/33897","targetHints":{"allow":["GET"]}}],"collection":[{"href":"http:\/\/shinyyoustationery.com\/pl\/wp-json\/wp\/v2\/product"}],"about":[{"href":"http:\/\/shinyyoustationery.com\/pl\/wp-json\/wp\/v2\/types\/product"}],"version-history":[{"count":0,"href":"http:\/\/shinyyoustationery.com\/pl\/wp-json\/wp\/v2\/product\/33897\/revisions"}],"wp:featuredmedia":[{"embeddable":true,"href":"http:\/\/shinyyoustationery.com\/pl\/wp-json\/wp\/v2\/media\/33899"}],"wp:attachment":[{"href":"http:\/\/shinyyoustationery.com\/pl\/wp-json\/wp\/v2\/media?parent=33897"}],"wp:term":[{"taxonomy":"product_brand","embeddable":true,"href":"http:\/\/shinyyoustationery.com\/pl\/wp-json\/wp\/v2\/product_brand?post=33897"},{"taxonomy":"product_cat","embeddable":true,"href":"http:\/\/shinyyoustationery.com\/pl\/wp-json\/wp\/v2\/product_cat?post=33897"},{"taxonomy":"product_tag","embeddable":true,"href":"http:\/\/shinyyoustationery.com\/pl\/wp-json\/wp\/v2\/product_tag?post=33897"}],"curies":[{"name":"wp","href":"https:\/\/api.w.org\/{rel}","templated":true}]}}