{"id":33908,"date":"2025-06-27T03:43:45","date_gmt":"2025-06-27T11:43:45","guid":{"rendered":"http:\/\/45.63.70.205\/?post_type=product&#038;p=33908"},"modified":"2025-07-07T15:18:42","modified_gmt":"2025-07-07T07:18:42","slug":"unicorn-themed-pink-pencil-case-fun-and-colorful-organizer-for-kids-school","status":"publish","type":"product","link":"http:\/\/shinyyoustationery.com\/pl\/unicorn-themed-pink-pencil-case-fun-and-colorful-organizer-for-kids-school\/","title":{"rendered":"R\u00f3\u017cowy pi\u00f3rnik z motywem jednoro\u017cca - zabawny i kolorowy organizer dla dzieci i szko\u0142y"},"content":{"rendered":"","protected":false},"excerpt":{"rendered":"<p>To <strong data-start=\"127\" data-end=\"162\">R\u00f3\u017cowy pi\u00f3rnik z motywem jednoro\u017cca<\/strong> to pozycja obowi\u0105zkowa dla m\u0142odych uczni\u00f3w i mi\u0142o\u015bnik\u00f3w jednoro\u017cc\u00f3w. Wyposa\u017cony w zabawny design z kolorowym jednoro\u017ccem i zabawnym, t\u0119czowym ogonem, jest idealny do organizowania d\u0142ugopis\u00f3w, o\u0142\u00f3wk\u00f3w i innych drobnych akcesori\u00f3w. Idealny do szko\u0142y, ten wytrzyma\u0142y i uroczy pi\u00f3rnik sprawia, \u017ce porz\u0105dkowanie artyku\u0142\u00f3w pi\u015bmiennych jest przyjemnym do\u015bwiadczeniem dla dzieci.<\/p>","protected":false},"featured_media":33909,"template":"","meta":[],"product_brand":[],"product_cat":[700,477,520],"product_tag":[],"class_list":{"0":"post-33908","1":"product","2":"type-product","3":"status-publish","4":"has-post-thumbnail","6":"product_cat-hot-pink-power-girl-collection","7":"product_cat-school-bags","8":"product_cat-pencil-case-pouch","10":"first","11":"instock","12":"shipping-taxable","13":"product-type-simple"},"_links":{"self":[{"href":"http:\/\/shinyyoustationery.com\/pl\/wp-json\/wp\/v2\/product\/33908","targetHints":{"allow":["GET"]}}],"collection":[{"href":"http:\/\/shinyyoustationery.com\/pl\/wp-json\/wp\/v2\/product"}],"about":[{"href":"http:\/\/shinyyoustationery.com\/pl\/wp-json\/wp\/v2\/types\/product"}],"version-history":[{"count":0,"href":"http:\/\/shinyyoustationery.com\/pl\/wp-json\/wp\/v2\/product\/33908\/revisions"}],"wp:featuredmedia":[{"embeddable":true,"href":"http:\/\/shinyyoustationery.com\/pl\/wp-json\/wp\/v2\/media\/33909"}],"wp:attachment":[{"href":"http:\/\/shinyyoustationery.com\/pl\/wp-json\/wp\/v2\/media?parent=33908"}],"wp:term":[{"taxonomy":"product_brand","embeddable":true,"href":"http:\/\/shinyyoustationery.com\/pl\/wp-json\/wp\/v2\/product_brand?post=33908"},{"taxonomy":"product_cat","embeddable":true,"href":"http:\/\/shinyyoustationery.com\/pl\/wp-json\/wp\/v2\/product_cat?post=33908"},{"taxonomy":"product_tag","embeddable":true,"href":"http:\/\/shinyyoustationery.com\/pl\/wp-json\/wp\/v2\/product_tag?post=33908"}],"curies":[{"name":"wp","href":"https:\/\/api.w.org\/{rel}","templated":true}]}}