{"id":33919,"date":"2025-06-27T04:06:06","date_gmt":"2025-06-27T12:06:06","guid":{"rendered":"http:\/\/45.63.70.205\/?post_type=product&#038;p=33919"},"modified":"2025-07-07T15:23:25","modified_gmt":"2025-07-07T07:23:25","slug":"pink-lip-shaped-coin-purse-fun-and-compact-for-kids-teens","status":"publish","type":"product","link":"http:\/\/shinyyoustationery.com\/pl\/pink-lip-shaped-coin-purse-fun-and-compact-for-kids-teens\/","title":{"rendered":"R\u00f3\u017cowa portmonetka w kszta\u0142cie ust - zabawna i kompaktowa dla dzieci i nastolatk\u00f3w"},"content":{"rendered":"","protected":false},"excerpt":{"rendered":"<p>To <strong data-start=\"106\" data-end=\"136\">R\u00f3\u017cowa portmonetka w kszta\u0142cie ust<\/strong> jest idealna do dodawania zabawnych akcent\u00f3w do akcesori\u00f3w. Wykonana z trwa\u0142ego, b\u0142yszcz\u0105cego materia\u0142u, ta wyj\u0105tkowa portmonetka ma zabawny wz\u00f3r warg i jest idealna do przechowywania monet, drobnych lub innych drobiazg\u00f3w. Kompaktowa i urocza, jest idealna dla dzieci, nastolatk\u00f3w lub ka\u017cdego, kto kocha dziwaczne, przyci\u0105gaj\u0105ce wzrok akcesoria. \u015awietna do codziennego u\u017cytku lub jako zabawny prezent!<\/p>","protected":false},"featured_media":33920,"template":"","meta":[],"product_brand":[],"product_cat":[716,477,700],"product_tag":[],"class_list":{"0":"post-33919","1":"product","2":"type-product","3":"status-publish","4":"has-post-thumbnail","6":"product_cat-coin-purse","7":"product_cat-school-bags","8":"product_cat-hot-pink-power-girl-collection","10":"first","11":"instock","12":"shipping-taxable","13":"product-type-simple"},"_links":{"self":[{"href":"http:\/\/shinyyoustationery.com\/pl\/wp-json\/wp\/v2\/product\/33919","targetHints":{"allow":["GET"]}}],"collection":[{"href":"http:\/\/shinyyoustationery.com\/pl\/wp-json\/wp\/v2\/product"}],"about":[{"href":"http:\/\/shinyyoustationery.com\/pl\/wp-json\/wp\/v2\/types\/product"}],"version-history":[{"count":0,"href":"http:\/\/shinyyoustationery.com\/pl\/wp-json\/wp\/v2\/product\/33919\/revisions"}],"wp:featuredmedia":[{"embeddable":true,"href":"http:\/\/shinyyoustationery.com\/pl\/wp-json\/wp\/v2\/media\/33920"}],"wp:attachment":[{"href":"http:\/\/shinyyoustationery.com\/pl\/wp-json\/wp\/v2\/media?parent=33919"}],"wp:term":[{"taxonomy":"product_brand","embeddable":true,"href":"http:\/\/shinyyoustationery.com\/pl\/wp-json\/wp\/v2\/product_brand?post=33919"},{"taxonomy":"product_cat","embeddable":true,"href":"http:\/\/shinyyoustationery.com\/pl\/wp-json\/wp\/v2\/product_cat?post=33919"},{"taxonomy":"product_tag","embeddable":true,"href":"http:\/\/shinyyoustationery.com\/pl\/wp-json\/wp\/v2\/product_tag?post=33919"}],"curies":[{"name":"wp","href":"https:\/\/api.w.org\/{rel}","templated":true}]}}