{"id":33925,"date":"2025-06-27T04:10:17","date_gmt":"2025-06-27T12:10:17","guid":{"rendered":"http:\/\/45.63.70.205\/?post_type=product&#038;p=33925"},"modified":"2025-07-07T15:23:32","modified_gmt":"2025-07-07T07:23:32","slug":"purple-popsicle-shaped-coin-purse-fun-and-compact-for-kids-teens","status":"publish","type":"product","link":"http:\/\/shinyyoustationery.com\/pl\/purple-popsicle-shaped-coin-purse-fun-and-compact-for-kids-teens\/","title":{"rendered":"Fioletowa portmonetka w kszta\u0142cie loda - zabawna i kompaktowa dla dzieci i nastolatk\u00f3w"},"content":{"rendered":"","protected":false},"excerpt":{"rendered":"<p>To <strong data-start=\"113\" data-end=\"150\">Fioletowa portmonetka w kszta\u0142cie loda<\/strong> to urocze i zabawne akcesorium zaprojektowane do przechowywania drobiazg\u00f3w. Idealny dla dzieci i nastolatk\u00f3w, ma \u017cywy fioletowy kolor i wz\u00f3r popsicle, wraz z zapi\u0119ciem na suwak i wygodnym paskiem. Niezale\u017cnie od tego, czy chodzi o monety, drobne akcesoria, czy zabawny brelok do kluczy, ta kompaktowa torebka dodaje odrobin\u0119 zabawy do ka\u017cdego stroju lub torby. Idealna do codziennego u\u017cytku, podr\u00f3\u017cy lub jako zabawny prezent!<\/p>","protected":false},"featured_media":33926,"template":"","meta":[],"product_brand":[],"product_cat":[716,700,477],"product_tag":[],"class_list":{"0":"post-33925","1":"product","2":"type-product","3":"status-publish","4":"has-post-thumbnail","6":"product_cat-coin-purse","7":"product_cat-hot-pink-power-girl-collection","8":"product_cat-school-bags","10":"first","11":"instock","12":"shipping-taxable","13":"product-type-simple"},"_links":{"self":[{"href":"http:\/\/shinyyoustationery.com\/pl\/wp-json\/wp\/v2\/product\/33925","targetHints":{"allow":["GET"]}}],"collection":[{"href":"http:\/\/shinyyoustationery.com\/pl\/wp-json\/wp\/v2\/product"}],"about":[{"href":"http:\/\/shinyyoustationery.com\/pl\/wp-json\/wp\/v2\/types\/product"}],"version-history":[{"count":0,"href":"http:\/\/shinyyoustationery.com\/pl\/wp-json\/wp\/v2\/product\/33925\/revisions"}],"wp:featuredmedia":[{"embeddable":true,"href":"http:\/\/shinyyoustationery.com\/pl\/wp-json\/wp\/v2\/media\/33926"}],"wp:attachment":[{"href":"http:\/\/shinyyoustationery.com\/pl\/wp-json\/wp\/v2\/media?parent=33925"}],"wp:term":[{"taxonomy":"product_brand","embeddable":true,"href":"http:\/\/shinyyoustationery.com\/pl\/wp-json\/wp\/v2\/product_brand?post=33925"},{"taxonomy":"product_cat","embeddable":true,"href":"http:\/\/shinyyoustationery.com\/pl\/wp-json\/wp\/v2\/product_cat?post=33925"},{"taxonomy":"product_tag","embeddable":true,"href":"http:\/\/shinyyoustationery.com\/pl\/wp-json\/wp\/v2\/product_tag?post=33925"}],"curies":[{"name":"wp","href":"https:\/\/api.w.org\/{rel}","templated":true}]}}