{"id":33930,"date":"2025-06-27T04:20:33","date_gmt":"2025-06-27T12:20:33","guid":{"rendered":"http:\/\/45.63.70.205\/?post_type=product&#038;p=33930"},"modified":"2025-06-27T04:20:33","modified_gmt":"2025-06-27T12:20:33","slug":"gradient-pink-water-bottle-with-stainless-steel-straw-for-school-office","status":"publish","type":"product","link":"http:\/\/shinyyoustationery.com\/pl\/gradient-pink-water-bottle-with-stainless-steel-straw-for-school-office\/","title":{"rendered":"Gradientowa r\u00f3\u017cowa butelka na wod\u0119 ze s\u0142omk\u0105 ze stali nierdzewnej do szko\u0142y i biura"},"content":{"rendered":"","protected":false},"excerpt":{"rendered":"<p>Utrzymuj nawodnienie w dobrym stylu dzi\u0119ki temu <strong data-start=\"162\" data-end=\"192\">Gradientowa r\u00f3\u017cowa butelka na wod\u0119<\/strong>. Ta butelka o pi\u0119knym przej\u015bciu kolorystycznym z r\u00f3\u017cowego na pomara\u0144czowy zosta\u0142a zaprojektowana z my\u015bl\u0105 zar\u00f3wno o wygl\u0105dzie, jak i funkcjonalno\u015bci. Wytrzyma\u0142a s\u0142omka ze stali nierdzewnej u\u0142atwia picie w podr\u00f3\u017cy, a bezpieczna, zakr\u0119cana pokrywka zapobiega rozlaniu napoju. Idealna dla student\u00f3w, pracownik\u00f3w biurowych lub podr\u00f3\u017cnik\u00f3w, ta elegancka i nowoczesna butelka na wod\u0119 jest idealna do przenoszenia napoj\u00f3w w dowolne miejsce.<\/p>","protected":false},"featured_media":33931,"template":"","meta":[],"product_brand":[],"product_cat":[405,700,541],"product_tag":[],"class_list":{"0":"post-33930","1":"product","2":"type-product","3":"status-publish","4":"has-post-thumbnail","6":"product_cat-cups-bottles","7":"product_cat-hot-pink-power-girl-collection","8":"product_cat-bottle","10":"first","11":"instock","12":"shipping-taxable","13":"product-type-simple"},"_links":{"self":[{"href":"http:\/\/shinyyoustationery.com\/pl\/wp-json\/wp\/v2\/product\/33930","targetHints":{"allow":["GET"]}}],"collection":[{"href":"http:\/\/shinyyoustationery.com\/pl\/wp-json\/wp\/v2\/product"}],"about":[{"href":"http:\/\/shinyyoustationery.com\/pl\/wp-json\/wp\/v2\/types\/product"}],"version-history":[{"count":0,"href":"http:\/\/shinyyoustationery.com\/pl\/wp-json\/wp\/v2\/product\/33930\/revisions"}],"wp:featuredmedia":[{"embeddable":true,"href":"http:\/\/shinyyoustationery.com\/pl\/wp-json\/wp\/v2\/media\/33931"}],"wp:attachment":[{"href":"http:\/\/shinyyoustationery.com\/pl\/wp-json\/wp\/v2\/media?parent=33930"}],"wp:term":[{"taxonomy":"product_brand","embeddable":true,"href":"http:\/\/shinyyoustationery.com\/pl\/wp-json\/wp\/v2\/product_brand?post=33930"},{"taxonomy":"product_cat","embeddable":true,"href":"http:\/\/shinyyoustationery.com\/pl\/wp-json\/wp\/v2\/product_cat?post=33930"},{"taxonomy":"product_tag","embeddable":true,"href":"http:\/\/shinyyoustationery.com\/pl\/wp-json\/wp\/v2\/product_tag?post=33930"}],"curies":[{"name":"wp","href":"https:\/\/api.w.org\/{rel}","templated":true}]}}